{"id":19550,"date":"2026-05-08T09:41:39","date_gmt":"2026-05-08T07:41:39","guid":{"rendered":"https:\/\/twerxout.com\/?post_type=product&#038;p=19550"},"modified":"2026-05-08T09:56:04","modified_gmt":"2026-05-08T07:56:04","slug":"online-twerxout-instructor-training-ger-eng-18-07-26-19-07-26","status":"publish","type":"product","link":"https:\/\/twerxout.com\/en\/shop\/ausbildungspakete\/online-twerxout-instructor-training-ger-eng-18-07-26-19-07-26\/","title":{"rendered":"Online twerXout\u00ae Instructor Training (GER &#038; ENG)- 18.07.26 + 19.07.26"},"content":{"rendered":"<p>(german below)<\/p>\n<h3>LIVE ONLINE EDUCATION<\/h3>\n<p><strong>Time Zone: \u00a0GMT+2 (Berlin, Amsterdam, Madrid)<\/strong><br \/>\n<strong>Saturday\u00a0 8:30 am \u2013 6:00 pm<\/strong><br \/>\n<strong>Sunday\u00a0 8:30 am \u2013 1:00 pm<\/strong><\/p>\n<p>Instructor: Kristina Marks<br \/>\nLanguage: german & english<\/p>\n<h4>Via Zoom<\/h4>\n<ul>\n<li>1-year license<\/li>\n<li>easy, affordable and quick options to prolong your license<\/li>\n<li>2-day LIVE online-session to become a twerXout\u00ae instructor via Zoom<\/li>\n<li>LIVE Online twerXout\u00ae Masterclass<\/li>\n<li>Basic elements, techniques and history of Twerking<\/li>\n<li>Structure of a twerXout\u00ae class<\/li>\n<li>Creating Choreographies<\/li>\n<li>Methodology & Didactics<\/li>\n<li>Influences and elements of Dance<\/li>\n<li>Exam \/ presentation<\/li>\n<li>twerXout\u00ae certificate<\/li>\n<li>E-brochure<\/li>\n<li>Access to the Instructor Portal & Community<\/li>\n<li>new choreography videos every 2-3 months<\/li>\n<\/ul>\n<p>\u00a0<\/p>\n<p><strong>Advantages of online training compared to live training:<\/strong><\/p>\n<p>Sure, you don\u2019t get to know each other on a direct personal level and you don\u2019t feel the power and course dynamics BUT! we also see many positive effects here, for example:<\/p>\n<ul>\n<li>Training fee is much cheaper!<\/li>\n<li>Take part from anywhere in the world<\/li>\n<li>No cost for flight, train, accommodation<\/li>\n<li>Take part comfortably from home, on the laptop or even the TV-screen<\/li>\n<li>Training can be saved and played back again as required<\/li>\n<li>Breaks are shortened and therefore more time for questions<\/li>\n<\/ul>\n<p>\u00a0<\/p>\n<p><strong><br \/>\nThe quality of the training will not decline because \u2026<\/strong><\/p>\n<ul>\n<li>The masterclass is held LIVE and you can even see yourself and other participants<\/li>\n<li>Theory can of course still be explained well<\/li>\n<li>Active elements such as learning the twerking basics and inflowing dances can also be performed<\/li>\n<li>There is more time to answer questions intensively<\/li>\n<li>Examination \/ presentation will be carried out as usual by showing the presenting person on screen<\/li>\n<li>Feedback to everyone as well as private feedback can easily take place<\/li>\n<\/ul>\n<p>Do you have questions?<\/p>\n<p>Feel free to ask via twerxout@gmail.com<\/p>\n<p>_______<\/p>\n<h4>LIVE ONLINE\u00a0 AUSBILDUNG<\/h4>\n<h4><strong>Zeitzone: \u00a0GMT+2 (Berlin, Amsterdam, Madrid)<\/strong><br \/>\n<strong>Samstag\u00a0 08:30 \u2013 18:00 Uhr<\/strong><br \/>\n<strong>Sonntag\u00a0 08:30 \u2013 13:00 Uhr<\/strong><\/h4>\n<p>Instructor: Kristina Marks<br \/>\nSprache: deutsch & english<br \/>\nVia Zoom<\/p>\n<p>\u00a0<\/p>\n<ul class=\"dt-sc-tb-content\">\n<li>1-year license<\/li>\n<li>easy, affordable and quick options to prolong your license<\/li>\n<li>2-t\u00e4gige LIVE Online Ausbildung zum lizenzierten twerXout\u00ae Trainer \u00fcber Zoom<\/li>\n<li>LIVE Online twerXout\u00ae Masterclass<\/li>\n<li>Basic elements, techniques and history of Twerking<\/li>\n<li>Structure of a twerXout\u00ae class<\/li>\n<li>Creating Choreographies<\/li>\n<li>Methodik & Didaktik<\/li>\n<li>Influences and elements of Dance<\/li>\n<li>Exam \/ presentation<\/li>\n<li>twerXout\u00ae certificate<\/li>\n<li>E-brochure<\/li>\n<li>Access to the Instructor Portal &amp; Community<\/li>\n<li>Every 2-3 months new choreography videos<\/li>\n<\/ul>\n<p>\u00a0<\/p>\n<p><strong>Vorteile einer Online Ausbildung gg\u00fc. einer Live Ausbildung:<\/strong><\/p>\n<p>Klar, man lernt sich nicht auf einer direkten, pers\u00f6nlichen Ebene kennen und sp\u00fcrt nicht die Power und Kursdynamik ABER! Wir sehen auch viele positive Effekte hier, beispielsweise:<\/p>\n<ul>\n<li>Training fee is much cheaper!<\/li>\n<li>Take part from anywhere in the world<\/li>\n<li>Keine Kosten f\u00fcr Flug, Zug, Benzin, Unterkunft, Verpflegung<\/li>\n<li>Take part comfortably from home, on the laptop or even the TV-screen<\/li>\n<li>Ausbildung wird abgespeichert und kann nochmals abgespielt werden<\/li>\n<li>Breaks are shortened and therefore more time for questions<\/li>\n<\/ul>\n<p><strong><br \/>\nThe quality of the training will not decline because ...<\/strong><\/p>\n<ul>\n<li>die Masterclass wird LIVE durchgef\u00fchrt und man kann sich dabei sehen<\/li>\n<li>Theorie kann nat\u00fcrlich nach wie vor gut erkl\u00e4rt werden<\/li>\n<li>Aktive Elemente wie das Lernen der Twerking Basics und der einflie\u00dfenden T\u00e4nze k\u00f6nnen genauso durchgef\u00fchrt werden<\/li>\n<li>There is more time to answer questions intensively<\/li>\n<li>Pr\u00fcfung\/Pr\u00e4sentation wird durchgef\u00fchrt wie gehabt, indem die pr\u00e4sentierende Person gro\u00df eingeblendet wird<\/li>\n<li>Feedback sowie privater Feedback k\u00f6nnen problemlos erfolgen<\/li>\n<\/ul>\n<p>\u00a0<\/p>\n<p>Noch Fragen? Dann schreibe uns \u00fcber twerxout@gmail.com<br \/>\nNein? Dann jetzt registrieren!<\/p>\n<p>__________<\/p>","protected":false},"excerpt":{"rendered":"<h3>LIVE ONLINE EDUCATION<\/h3>\n<p><strong>Time Zone: \u00a0GMT+2 (Berlin, Amsterdam, Madrid)<\/strong><br \/>\n<strong>Saturday\u00a0 8:30 am &#8211; 6:00 pm<\/strong><br \/>\n<strong>Sunday\u00a0 8:30 am &#8211; 1:00 pm<\/strong><\/p>\n<p>Instructor: Kristina Marks<br \/>\nLanguage: german &amp; english<\/p>\n<p>EARLY BIRD PRICE\u00a0 until 31.05.2026<\/p>","protected":false},"featured_media":18351,"comment_status":"closed","ping_status":"closed","template":"","meta":{"_acf_changed":false},"product_brand":[],"product_cat":[87],"product_tag":[275,276,273],"class_list":{"0":"post-19550","1":"product","2":"type-product","3":"status-publish","4":"has-post-thumbnail","6":"product_cat-ausbildungspakete","7":"product_tag-ausbildung","8":"product_tag-trainerschein","9":"product_tag-workshop","10":"pa_ausbildungspaket-gold-ausbildungspaket-b","12":"first","13":"instock","14":"sale","15":"virtual","16":"taxable","17":"purchasable","18":"product-type-simple"},"acf":[],"_links":{"self":[{"href":"https:\/\/twerxout.com\/en\/wp-json\/wp\/v2\/product\/19550","targetHints":{"allow":["GET"]}}],"collection":[{"href":"https:\/\/twerxout.com\/en\/wp-json\/wp\/v2\/product"}],"about":[{"href":"https:\/\/twerxout.com\/en\/wp-json\/wp\/v2\/types\/product"}],"replies":[{"embeddable":true,"href":"https:\/\/twerxout.com\/en\/wp-json\/wp\/v2\/comments?post=19550"}],"wp:featuredmedia":[{"embeddable":true,"href":"https:\/\/twerxout.com\/en\/wp-json\/wp\/v2\/media\/18351"}],"wp:attachment":[{"href":"https:\/\/twerxout.com\/en\/wp-json\/wp\/v2\/media?parent=19550"}],"wp:term":[{"taxonomy":"product_brand","embeddable":true,"href":"https:\/\/twerxout.com\/en\/wp-json\/wp\/v2\/product_brand?post=19550"},{"taxonomy":"product_cat","embeddable":true,"href":"https:\/\/twerxout.com\/en\/wp-json\/wp\/v2\/product_cat?post=19550"},{"taxonomy":"product_tag","embeddable":true,"href":"https:\/\/twerxout.com\/en\/wp-json\/wp\/v2\/product_tag?post=19550"}],"curies":[{"name":"wp","href":"https:\/\/api.w.org\/{rel}","templated":true}]}}