{"id":10721,"date":"2018-01-29T23:13:08","date_gmt":"2018-01-29T22:13:08","guid":{"rendered":"https:\/\/twerxout.com\/?post_type=product&#038;p=10721"},"modified":"2026-02-15T13:24:57","modified_gmt":"2026-02-15T12:24:57","slug":"verlaengerung-der-lizenz","status":"publish","type":"product","link":"https:\/\/twerxout.com\/en\/shop\/lizenz-verlaengern\/verlaengerung-der-lizenz\/","title":{"rendered":"Prolong your license"},"content":{"rendered":"<p>\u00a0<\/p>\n<p><strong>1. ONLINE-CHECK<\/strong><br \/>\nVerl\u00e4ngerung der Lizenz per Mausklick. Mit Instructor Portal.<br \/>\n<strong><br \/>\nFee<\/strong> 149,99 \u20ac<\/p>\n<hr style=\"border: solid 1px #ff6cba; margin-bottom: 20px;\" \/>\n<p><strong>2. EXTRA-CHECK<\/strong><br \/>\nParticipate in our X-tra workshops or at major events. The workshops include updates, techniques, innovations and new choreographies. Learn from great artists, meet new people and live the community. Including Instructor Portal.<\/p>\n<p><strong>The perfect possibility is here:<\/strong><br \/>\nNehme teil an den MEGA EVENTS \u201etwerXperience by twerXout\u00ae \u2013 Intensive Workshops\u201c und lass dieses Event automatisch deine Lizenz um ein weiteres Jahr verl\u00e4ngern. Buche daf\u00fcr einfach EXTRA CHECK. Diese Option gilt nur bei Verl\u00e4ngerungszeitraum des Events.<\/p>\n<p>N\u00e4chste twerXperience:\u00a0 6 & 7 Juni 2026 in K\u00f6ln<\/p>\n<p><strong>Kosten twerXperience & Verl\u00e4ngerung:\u00a0 229,99 \u20ac<\/strong><\/p>\n<p>(Kombination Verl\u00e4ngerung 149,99 \u20ac und Trainer-Preis twerXperience 140,00\u20ac<br \/>\ngleicht Ersparnis von 60,00 \u20ac gg\u00fc. separater Buchung)<\/p>\n<hr style=\"border: solid 1px #ff6cba; margin-bottom: 20px;\" \/>\n<p><strong>3. INTENSIVE-CHECK<\/strong><br \/>\nQualifikationsnachweis durch Durchf\u00fchrung\/Wiederholung Trainerlizenz Ausbildung per Teilnahme an einer Online\u00a0 Ausbildung. Zeitaufwand betr\u00e4gt hierbei 2 Tage. Inklusive Preisnachlass von 20%. Mit Instructor Portal.<\/p>\n<p><strong>Fee\u00a0<\/strong>199,99 \u20ac<\/p>\n<p>\u00a0<\/p>","protected":false},"excerpt":{"rendered":"<p><strong>1. ONLINE-CHECK<\/strong><br \/>\n<strong>2. EXTRA-CHECK<\/strong><br \/>\n<strong>3. INTENSIVE-CHECK\u00a0<\/strong><\/p>","protected":false},"featured_media":0,"comment_status":"closed","ping_status":"closed","template":"","meta":{"_acf_changed":false},"product_brand":[],"product_cat":[125],"product_tag":[],"class_list":{"0":"post-10721","1":"product","2":"type-product","3":"status-publish","5":"product_cat-lizenz-verlaengern","6":"membership-content","7":"access-restricted","9":"first","10":"instock","11":"sale","12":"taxable","13":"shipping-taxable","14":"product-type-variable","15":"has-default-attributes"},"acf":[],"_links":{"self":[{"href":"https:\/\/twerxout.com\/en\/wp-json\/wp\/v2\/product\/10721","targetHints":{"allow":["GET"]}}],"collection":[{"href":"https:\/\/twerxout.com\/en\/wp-json\/wp\/v2\/product"}],"about":[{"href":"https:\/\/twerxout.com\/en\/wp-json\/wp\/v2\/types\/product"}],"replies":[{"embeddable":true,"href":"https:\/\/twerxout.com\/en\/wp-json\/wp\/v2\/comments?post=10721"}],"wp:attachment":[{"href":"https:\/\/twerxout.com\/en\/wp-json\/wp\/v2\/media?parent=10721"}],"wp:term":[{"taxonomy":"product_brand","embeddable":true,"href":"https:\/\/twerxout.com\/en\/wp-json\/wp\/v2\/product_brand?post=10721"},{"taxonomy":"product_cat","embeddable":true,"href":"https:\/\/twerxout.com\/en\/wp-json\/wp\/v2\/product_cat?post=10721"},{"taxonomy":"product_tag","embeddable":true,"href":"https:\/\/twerxout.com\/en\/wp-json\/wp\/v2\/product_tag?post=10721"}],"curies":[{"name":"wp","href":"https:\/\/api.w.org\/{rel}","templated":true}]}}