{"id":9832,"date":"2018-04-04T18:36:34","date_gmt":"2018-04-04T16:36:34","guid":{"rendered":"http:\/\/new.twerxout.com\/?page_id=9832"},"modified":"2023-05-31T11:48:59","modified_gmt":"2023-05-31T09:48:59","slug":"agbs","status":"publish","type":"page","link":"https:\/\/twerxout.com\/en\/agbs\/","title":{"rendered":"Terms and Conditions"},"content":{"rendered":"<div data-elementor-type=\"wp-page\" data-elementor-id=\"9832\" class=\"elementor elementor-9832\" data-elementor-post-type=\"page\">\n\t\t\t\t\t\t<section class=\"elementor-section elementor-top-section elementor-element elementor-element-2fa1077f elementor-section-boxed elementor-section-height-default elementor-section-height-default\" data-id=\"2fa1077f\" data-element_type=\"section\" data-e-type=\"section\">\n\t\t\t\t\t\t<div class=\"elementor-container elementor-column-gap-default\">\n\t\t\t\t\t<div class=\"elementor-column elementor-col-100 elementor-top-column elementor-element elementor-element-405733b9\" data-id=\"405733b9\" data-element_type=\"column\" data-e-type=\"column\">\n\t\t\t<div class=\"elementor-widget-wrap elementor-element-populated\">\n\t\t\t\t\t\t<div class=\"elementor-element elementor-element-4f6703d7 elementor-widget elementor-widget-text-editor\" data-id=\"4f6703d7\" data-element_type=\"widget\" data-e-type=\"widget\" data-widget_type=\"text-editor.default\">\n\t\t\t\t<div class=\"elementor-widget-container\">\n\t\t\t\t\t\t\t\t\t<header class=\"page-header\"><h1 class=\"page-title\">Terms and Conditions<\/h1><\/header><div class=\"page-content\"><h5>ALLGEMEINE GESCH\u00c4FTSBEDINGUNGEN\u00a0<\/h5><p>f\u00fcr die Nutzung von\u00a0twerXout<\/p><p>1. Einleitung<\/p><p>twerXout<sup>\u00ae<\/sup>\u00a0kombiniert funktionales Training mit Konzepten aus dem Twerking. Es richtet sich an alle, die Spa\u00df an der Bewegung und Tanz haben und eine neue, innovative und motivierende Art von Fitness ausprobieren wollen. Die \u00dcbungen\u00a0haben verschiedene Variationen und Schwierigkeits-Level, die aufeinander aufbauen. So werden die Teilnehmer je nach Fitness-Level optimal gefordert und bleiben langfristig motiviert. Unsere Kurse bilden die Voraussetzung deine k\u00f6rperliche Fitness zu f\u00f6rdern, dein Selbstvertrauen zu st\u00e4rken und einfach Spa\u00df an der Bewegung zu haben. Es sind keinerlei Vorkenntnisse im Bereich Tanz oder Ausdauer\u00a0erforderlich. Dynamische Variationen, unterschiedliche Schwierigkeits-Level und andauernde Motivation durch Musik und Trainer sorgen daf\u00fcr, dass es auch erfahrenen Teilnehmern niemals langweilig wird.<\/p><p>Die folgenden Allgemeinen Gesch\u00e4ftsbedingungen legen den Rechtsrahmen f\u00fcr die Nutzung der twerXout<sup>\u00ae<\/sup>\u00a0Workouts und der von uns angebotenen Leistungen fest. Bitte lese diese Allgemeinen Gesch\u00e4ftsbedingungen daher aufmerksam durch.<\/p><p>2. Geltungsbereich<\/p><p>2.1. Vertragspartner und Vertragsgegenstand<\/p><p>Diese Allgemeinen Gesch\u00e4ftsbedingungen bilden die Grundlage f\u00fcr den Nutzungsvertrag, der zwischen Dir und uns, der twerXout<sup>\u00ae<\/sup>\u00a0Gr\u00fcnder (im Nachfolgenden \u201euns\u201c oder \u201ewir\u201c genannt) zustande kommt. Gegenstand dieses Vertrages ist die unentgeltliche oder entgeltliche Nutzung der von uns unter dem Namen twerXout<sup>\u00ae<\/sup>\u00a0\u00fcber unsere Webseite www.twerXout.com\u00a0angebotenen Leistungen (nachfolgend einzeln der \u201etwerXout Dienst\u201c oder allgemein \u201etwerXout\u201c).<\/p><p>2.2. Voraussetzung zur Teilnahme<\/p><p>Voraussetzung f\u00fcr die Er\u00f6ffnung eines Nutzerkontos und die Nutzung der twerXout\u00a0Dienste ist, dass Du bereits 18 Jahre und voll gesch\u00e4ftsf\u00e4hig bist.<\/p><p>twerXout<sup>\u00ae<\/sup>\u00a0richtet sich ausschlie\u00dflich an Verbraucher. Ein Verbraucher ist laut gesetzlicher Definition jede nat\u00fcrliche Person, die ein Rechtsgesch\u00e4ft zu Zwecken abschlie\u00dft, die \u00fcberwiegend weder ihrer gewerblichen noch ihrer selbst\u00e4ndigen beruflichen T\u00e4tigkeit zugerechnet werden k\u00f6nnen. Die Nutzung von twerXout<sup>\u00ae<\/sup>\u00a0zu gewerblichen oder sonstigen kommerziellen Zwecken ist ausdr\u00fccklich untersagt.<\/p><p>2.3. Erg\u00e4nzende Bedingungen<\/p><p>Wir behalten uns vor, f\u00fcr einzelne twerXout\u00a0Dienste erg\u00e4nzende Bedingungen zu vereinbaren. Hierauf werden wir Dich aber rechtzeitig vor der Nutzung hinweisen.<\/p><p>3. twerXout\u00a0Leistungen und Preise<\/p><p>3.1. Entgeltliche und unentgeltliche Leistungen<\/p><p>Der Umfang der in twerXout\u00a0enthaltenen und von Dir nutzbaren twerXout\u00a0Dienste h\u00e4ngt davon ab, ob und welche twerXout Dienste Du unentgeltlich oder entgeltlich nutzt. Bei einer unentgeltlichen Nutzung hast Du nur Zugriff auf bestimmte Basis-Funktionen und \u2013Informationen des jeweiligen twerXout\u00a0Dienstes. Ein erweiterter Funktionsumfang steht Dir zur Verf\u00fcgung, wenn Du f\u00fcr den jeweiligen twerXout\u00a0Dienst bestimmte Inhalte (wie z.B. ein Trainingsprogramm) gesondert gegen eine einmalige Zahlung oder im Rahmen eines Abonnements freischalten l\u00e4sst.<\/p><p>3.2. Preise<\/p><p>Bitte informiere Dich auf der Webseite www.twerXout.com \u00fcber die jeweils aktuellen Preis-\/und Abonnementmodelle und die dann nutzbaren Leistungen. Alle genannten Preise verstehen sich einschlie\u00dflich der jeweils g\u00fcltigen Umsatzsteuer.<\/p><p>4. Deine Gesundheit<\/p><p>4.1. Gesundheitliche Voraussetzungen<\/p><p>Die Nutzung der twerXout\u00a0Dienste erfolgt auf eigenes Risiko.<\/p><p>Voraussetzung f\u00fcr die Nutzung der twerXout\u00a0Dienste ist in jedem Fall ein guter gesundheitlicher Allgemeinzustand. Wenn Dir Vorerkrankungen bekannt sind, empfehlen wir Dir dringend \u00e4rztlichen Rat einzuholen, bevor Du mit der Nutzung der twerXout\u00a0Dienste (d.h. zum Beispiel Trainings oder Coachings) beginnst. Dies gilt insbesondere, wenn Dir eine oder mehrere der folgenden Erkrankungen\/Beschwerden\/Eingriffe bekannt sind: (i) Herz-\/Kreislauferkrankungen, (ii) Lungen- oder Atemwegserkrankungen (einschlie\u00dflich Asthma), (iii) Wirbels\u00e4ulen und\/oder Gelenkprobleme, (iv) neuromuskul\u00e4re Erkrankungen, (v) operative Eingriffe, (vi) andere gesundheitliche Einschr\u00e4nkungen.<\/p><p>F\u00fcr unsere weiblichen Kunden gilt zudem, dass die von uns angebotenen Trainings und Coachings nicht von schwangeren oder stillenden M\u00fcttern genutzt werden sollten.<\/p><p>Generell gilt: Achte auf die Signale Deines K\u00f6rpers. Solltest Du vor erstmaliger oder w\u00e4hrend der Nutzung von twerXout\u00a0irgendwelche Zweifel daran haben, dass Du gesund bist (z.B. weil Du erhebliche Schmerzen, allgemeines Unwohlsein, Kurzatmigkeit, \u00dcbelkeit oder Schwindel empfindest), konsultiere Deinen Arzt bevor Du mit twerXout\u00a0beginnst oder fortf\u00e4hrst.<\/p><p>4.2. Kein Ersatz f\u00fcr \u00e4rztlichen Rat<\/p><p>Bei den im Rahmen von twerXout\u00a0und den twerXout\u00a0Diensten angebotenen Leistungen und Informationen handelt es sich weder um eine medizinische noch eine \u00e4rztliche Beratung. Sie stellen auch keinen Ersatz f\u00fcr eine \u00e4rztliche Untersuchung oder Behandlung dar.<\/p><p>4.3. Training-\/Ern\u00e4hrungsmethoden<\/p><p>Fitnessberatung unterliegt sich st\u00e4ndig fortentwickelnden gesundheits-, und sportwissenschaftlichen Erkenntnissen. Auch wenn wir unsere Trainingstipps an aktuellen Studien und Erkenntnissen ausrichten, garantieren wir nicht, dass diese den jeweils aktuellsten Forschungsergebnissen oder Erkenntnissen entsprechen.<\/p><p>5. Nutzerkonto<\/p><p>5.1. Anmeldeprozess<\/p><p>Zur Nutzung der twerXout\u00a0Dienste, musst Du Dich zun\u00e4chst anmelden und ein Nutzerkonto er\u00f6ffnen. Es reicht hierbei, wenn Du einmalig ein Nutzerkonto er\u00f6ffnest, selbst wenn Du unterschiedliche twerXout\u00a0Dienste in Anspruch nehmen willst. Die Er\u00f6ffnung eines Nutzerkontos erfolgt erst nach der Teilnahme einer twerXout Trainerausbildung. Du wirst im Rahmen der Anmeldung von uns aufgefordert, diese Allgemeinen Gesch\u00e4ftsbedingungen und die Datenschutzbestimmungen zu akzeptieren.<\/p><p>6. Vertragsschluss<\/p><p>Wie der jeweilige Vertrag zustande kommt, h\u00e4ngt davon ab, \u00fcber welchen Weg Du Dich erstmalig f\u00fcr twerXout\u00a0anmeldest und ob Du zus\u00e4tzliche entgeltliche Leistungen in Anspruch nimmst.<\/p><p>6.1. Anmeldung im Internet auf www.twerXout.com<\/p><p>Bei Anmeldung \u00fcber unsere Webseite www.twerXout.com\u00a0kommt der Nutzungsvertrag zwischen Dir und uns nach vollst\u00e4ndigem Abschluss des Anmeldeprozesses zustande.<\/p><p>7. Laufzeit<\/p><p>7.1. Nutzungsvertrag<\/p><p>Der mit Er\u00f6ffnung eines Nutzerkontos zwischen Dir und uns geschlossene Nutzungsvertrag gilt f\u00fcr die Dauer der jeweiligen Trainerlizenz.<\/p><p>7.2. Einmalige Zusatzleistungen<\/p><p>Einmalige Zusatzleistungen k\u00f6nnen f\u00fcr eine feste Laufzeit angeboten werden. Sie enden dann automatisch mit Zeitablauf, ohne dass es einer K\u00fcndigung bedarf.<\/p><p>7.3. Abonnements<\/p><p>Unsere Abonnements werden mit unterschiedlichen Mindestlaufzeiten angeboten und enden\u00a0automatisch.<\/p><p>Zur Vermeidung von Missverst\u00e4ndnissen beachte bitte, dass die Dauer eines Abonnements sich nach dem Kalender bemisst und unabh\u00e4ngig von der Dauer und dem Umfang Deiner Nutzung des jeweiligen twerXout\u00a0Dienstes ist.<\/p><p>8. Zahlungsbedingungen<\/p><p>8.1.\u00a0Geb\u00fchren &amp; Zahlungsmittel<\/p><p>Bar vor Ort beim jeweilig gebuchten Trainerausbildungs-Workshop. Wir behalten uns bei Vorliegen eines berechtigten Grundes bei jedem Erwerb vor, bestimmte Zahlungsmittel nicht anzubieten und auf andere Zahlungsmittel zu verweisen.<\/p><p>10. Widerrufsrecht<\/p><p>10.1. Widerrufsbelehrung<\/p><p>Wenn Du mit uns einen Nutzungsvertrag oder einen Vertrag \u00fcber eine einmalige Zusatzleistung oder ein Abonnement abschlie\u00dft, steht Dir jeweils das nachfolgende Widerrufsrecht zu.<\/p><p>Du hast das Recht, binnen vierzehn Tagen ohne Angabe von Gr\u00fcnden den Vertrag zu widerrufen. Die Widerrufsfrist betr\u00e4gt vierzehn Tage ab dem Tag des Vertragsschlusses.<\/p><p>Um Dein Widerrufsrecht auszu\u00fcben, musst Du uns:<\/p><p>Inhaber: twerXout GmbH<br \/>Anschrift: Libellenweg 4, CH-8134 Adliswil<br \/>Telefon: +41 782422881\u00a0 *Mobilfunkpreise<br \/>E-Mail: twerxout@gmail.com<\/p><p>mittels einer eindeutigen Erkl\u00e4rung (z.B. ein mit der Post versandter Brief, Telefax oder E-Mail) \u00fcber Deinen Entschluss, den Vertrag zu widerrufen, informieren.<\/p><p>Folgen des Widerrufs<\/p><p>Wenn Du den Vertrag widerrufst, haben wir Dir alle Zahlungen, die wir von Dir erhalten haben, einschlie\u00dflich der Lieferkosten (mit Ausnahme der zus\u00e4tzlichen Kosten, die sich daraus ergeben, dass Du eine andere Art der Lieferung als die von uns angebotene, g\u00fcnstigste Standardlieferung gew\u00e4hlt hast), unverz\u00fcglich und sp\u00e4testens binnen vierzehn Tagen ab dem Tag zur\u00fcckzuzahlen, an dem die Mitteilung \u00fcber Deinen Widerruf des Vertrags bei uns eingegangen ist. F\u00fcr diese R\u00fcckzahlung verwenden wir dasselbe Zahlungsmittel, das Du bei der urspr\u00fcnglichen Transaktion eingesetzt hast, es sei denn, mit Dir wurde ausdr\u00fccklich etwas anderes vereinbart; in keinem Fall werden Dir wegen dieser R\u00fcckzahlung Entgelte berechnet.<\/p><p>Hast Du verlangt, dass die Dienstleistungen w\u00e4hrend der Widerrufsfrist beginnen sollen, so hast Du uns einen angemessenen Betrag zu zahlen, der dem Anteil der bis zu dem Zeitpunkt, zu dem Du uns von der Aus\u00fcbung des Widerrufsrechts hinsichtlich dieses Vertrags unterrichtest, bereits erbrachten Dienstleistungen im Vergleich zum Gesamtumfang der im Vertrag vorgesehenen Dienstleistungen entspricht.<\/p><p>10.2. Erl\u00f6schen des Widerrufsrechts<br \/>Das Widerrufsrecht erlischt bei einem Vertrag zur Erbringung von Dienstleistungen auch dann, wenn wir die Dienstleistung vollst\u00e4ndig erbracht haben und mit der Ausf\u00fchrung der Dienstleistung erst begonnen haben, nachdem Du dazu Deine ausdr\u00fcckliche Zustimmung gegeben hast und gleichzeitig Deine Kenntnis davon best\u00e4tigt hast, dass Du Dein Widerrufsrecht bei vollst\u00e4ndiger Vertragserf\u00fcllung durch uns verlierst.<br \/>Das Widerrufsrecht erlischt bei einem Vertrag \u00fcber die Lieferung von nicht auf einem k\u00f6rperlichen Datentr\u00e4ger befindlichen digitalen Inhalten auch dann, wenn wir mit der Ausf\u00fchrung des Vertrags begonnen haben, nachdem Du dazu Deine ausdr\u00fcckliche Zustimmung gegeben hast und gleichzeitig Deine Kenntnis davon best\u00e4tigt hast, dass Du Dein Widerrufsrecht mit Beginn der Vertragsausf\u00fchrung verlierst.<\/p><p>11. M\u00e4ngelhaftung<\/p><p>11.1. Gesetzliche Bestimmungen<\/p><p>F\u00fcr Anspr\u00fcche aufgrund mangelhafter Leistungen gelten die gesetzlichen Bestimmungen. Deine Rechte als Verbraucher bleiben in jedem Fall unber\u00fchrt.<\/p><p>11.2. Keine Garantie<\/p><p>Wir geben keine Zusicherungen oder Garantien ab, dass das von Dir gew\u00fcnschte Trainings- oder sonstige Ergebnis durch Nutzung des jeweiligen twerXout\u00a0Dienstes erzielt wird. Einen konkreten Erfolg schulden wir nicht. Zudem wird das Trainingsergebnis auch durch nicht steuerbare Faktoren, wie z.B. k\u00f6rperliche Veranlagungen und Vorbedingungen, beeinflusst, so dass das Ergebnis bei verschiedenen Personen trotz gleicher Nutzung der twerXout\u00a0Dienste stark variieren kann.<\/p><p>12. Haftung<\/p><p>12.1. Allgemein<\/p><p>Sofern Dir im Rahmen unserer twerXout\u00a0Dienste Anleitungen (z.B. f\u00fcr bestimmte \u00dcbungen und Trainings) zur Verf\u00fcgung gestellt werden, sind diese Anleitungen von Dir unbedingt einzuhalten, da ansonsten Verletzungs- und oder Gesundheitsrisiken bestehen.<\/p><p>Sofern Du f\u00fcr die \u00dcbungen und Trainings Hilfsmittel oder Ger\u00e4te verwendest, liegt es in Deiner Verantwortung sicherzustellen, dass diese Hilfsmittel und\/oder Ger\u00e4te ordnungsgem\u00e4\u00df funktionieren und installiert bzw. aufgestellt wurden.<\/p><p>Du bist verpflichtet, unsere Gesundheitshinweise in Ziffer 4 zu beachten.<\/p><p>12.2. Haftung f\u00fcr unentgeltlich erbrachte Leistungen<\/p><p>Im Falle von unentgeltlich erbrachten Leistungen haften wir, unabh\u00e4ngig aus welchem Rechtsgrund, ausschlie\u00dflich f\u00fcr Sch\u00e4den aufgrund von Vorsatz und grober Fahrl\u00e4ssigkeit oder des Fehlens einer garantierten Eigenschaft. Bei Vorsatz haften wir grunds\u00e4tzlich unbeschr\u00e4nkt. Bei grober Fahrl\u00e4ssigkeit und dem Fehlen einer garantierten Eigenschaft ist unsere Haftung auf den typischen, vorhersehbaren Schaden beschr\u00e4nkt. Im \u00dcbrigen ist unsere Haftung ausgeschlossen.<\/p><p>12.3. Haftung f\u00fcr entgeltlich erbrachte Leistungen<\/p><p>Im Falle von entgeltlich erbrachten Leistungen haften wir, unabh\u00e4ngig aus welchem Rechtsgrund, f\u00fcr Sch\u00e4den aufgrund von Vorsatz und grober Fahrl\u00e4ssigkeit oder des Fehlens einer garantierten Eigenschaft grunds\u00e4tzlich unbeschr\u00e4nkt.<\/p><p>Verletzen wir eine wesentliche Vertragspflicht mit leichter Fahrl\u00e4ssigkeit, ist unsere Haftung auf den typischen, vorhersehbaren Schaden beschr\u00e4nkt. Eine wesentliche Vertragspflicht ist jede Pflicht, die f\u00fcr die Erf\u00fcllung vertraglicher Zwecke notwendig ist, und auf deren Erf\u00fcllung Du Dich als Verbraucher verlassen kannst oder h\u00e4ttest verlassen k\u00f6nnen.<\/p><p>Unsere Haftung bei einer von uns verschuldeten Verletzung des Lebens, des K\u00f6rpers oder der Gesundheit bleibt von den vorgenannten Beschr\u00e4nkungen unber\u00fchrt.<\/p><p>Im \u00dcbrigen ist unsere Haftung ausgeschlossen.<\/p><p>12.4. Haftung unserer Mitarbeiter<\/p><p>In dem Umfang, in dem unsere Haftung ausgeschlossen oder eingeschr\u00e4nkt ist, gilt der Ausschluss oder die Einschr\u00e4nkung auch zu Gunsten unserer Mitarbeiter und Beauftragten.<\/p><p>12.5. Produkthaftung<\/p><p>Anspr\u00fcche nach dem Produkthaftungsgesetz bleiben von den vorgenannten Haftungsausschl\u00fcssen oder -beschr\u00e4nkungen unber\u00fchrt.<\/p><p>13. Nutzungsrechte an twerXout\u00a0\u2013 Inhalten<\/p><p>Die von uns angebotenen Leistungen beinhalten, je nachdem f\u00fcr welche Leistungen Du freigeschaltet bist, beziehungsweise welche Du erworben hast, urheberrechtlich oder anderweitig gesch\u00fctzte Inhalte, an denen uns die entsprechenden Rechte zustehen. Wir r\u00e4umen Dir an diesen Inhalten ein einfaches und nicht-\u00fcbertragbares Recht ein, diese in nicht-kommerzieller Form im Rahmen der vertraglichen Bestimmungen zu nutzen. Lediglich zur Klarstellung weisen wir darauf hin, dass insbesondere eine Verbreitung oder \u00f6ffentliche Zug\u00e4nglichmachung unserer Inhalte durch Dich, z.B. auf Webseiten au\u00dferhalb der twerXout\u00a0Webseiten, nicht zul\u00e4ssig ist. Das Recht zur Nutzung erlischt, wenn Du f\u00fcr die jeweilige Leistung nicht mehr freigeschaltet bist (z.B. nach K\u00fcndigung Deines Abonnements, Ablauf Deiner Trainerlizenz) beziehungsweise mit Beendigung des Nutzungsverh\u00e4ltnisses.<\/p><p>14. Verantwortlichkeit f\u00fcr nutzergenerierte Inhalte<\/p><p>Du bist f\u00fcr Inhalte, die Du innerhalb der twerXout\u00a0Dienste hochl\u00e4dst, alleine verantwortlich. Wir machen uns diese nicht zu Eigen und \u00fcberpr\u00fcfen diese auch nicht.<\/p><p>14.2. Keine Rechtsverletzungen<\/p><p>Du bist verpflichtet, bei der Bereitstellung von eigenen Inhalten alle anwendbaren Gesetze und sonstigen Rechtsvorschriften der Bundesrepublik Deutschland zu beachten. Unabh\u00e4ngig davon, ob hierdurch ein Straftatbestand verwirklicht wird, ist es generell untersagt, Inhalte bereit zu stellen, die pornografischer, sexueller, gewaltt\u00e4tiger, rassistischer, volksverhetzender, diskriminierender, beleidigender und\/oder verleumderischer Natur sind.<\/p><p>Des Weiteren bist Du verpflichtet, keine Rechte Dritter zu verletzen. Dies gilt insbesondere f\u00fcr Pers\u00f6nlichkeitsrechte Dritter sowie geistige oder gewerbliche Schutzrechte Dritter (z.B. Urheberrechte, Markenrechte etc.). Du musst insbesondere auch Inhaber der erforderlichen Rechte an Deinem Profilbild und sonstiger von Dir eingestellter Fotos sein.<\/p><p>Wir sind jederzeit berechtigt, Inhalte, die rechtswidrig sind oder gegen die vorgenannten Grunds\u00e4tze versto\u00dfen, zu l\u00f6schen oder zu entfernen. Verst\u00f6\u00dft Du gegen die vorgenannten Grunds\u00e4tze, sind wir berechtigt, Dich zu verwarnen oder Dein Nutzerkonto vor\u00fcbergehend zu sperren oder gem\u00e4\u00df Ziffer 15.3 den Nutzungsvertrag aus wichtigem Grund zu k\u00fcndigen.<\/p><p>14.3. Freistellung<\/p><p>F\u00fcr den Fall, dass Du gegen die in Ziffer 14.2 genannten Grunds\u00e4tze verst\u00f6\u00dft und dies zu Verschulden hast (also entweder fahrl\u00e4ssig oder vors\u00e4tzlich gehandelt hast), bist Du verpflichtet, uns von Anspr\u00fcchen Dritter aufgrund einer solchen Verletzung freizustellen. Die Geltendmachung von Schadensersatz- und sonstigen Anspr\u00fcchen behalten wir uns vor.<\/p><p>15. Vertragsbeendigung<\/p><p>15.1. Nutzungsvertrag<\/p><p>Du hast das Recht, jederzeit und ohne Angabe von Gr\u00fcnden Dein Nutzerkonto zu l\u00f6schen und somit auch Deinen Nutzervertrag zu beenden. Hierzu musst Du nur die erforderlichen Einstellungen in Deinem Profil vornehmen. Bitte beachte, dass nach L\u00f6schung Deines Nutzerkontos s\u00e4mtliche von Dir eingestellten Inhalte und Trainings-Leistungen von uns gel\u00f6scht werden oder gel\u00f6scht werden k\u00f6nnten und Du auch auf bereits erworbene Inhalte keinen Zugriff mehr hast. Solltest Du zum Zeitpunkt der L\u00f6schung Deines Kontos noch ein laufendes Abonnement besitzen oder eine Zusatzleistung gebucht haben, deren Laufzeit noch nicht beendet ist, wird ein eventuell bereits von Dir bezahlter Betrag nicht \u2013 auch nicht anteilig \u2013 zur\u00fcckerstattet.<\/p><p>Wir sind berechtigt, den Nutzungsvertrag ohne Angabe von Gr\u00fcnden mit einer Frist von zwei (2) Wochen in Textform zu k\u00fcndigen, fr\u00fchestens jedoch zum Ende der Mindestlaufzeit beziehungsweise des jeweiligen Verl\u00e4ngerungszeitraums Deines Abonnements und\/oder zum Ende der Laufzeit einer einmalig bezahlten Zusatzleistung.<\/p><p>15.2. Abonnement<\/p><p>Jedes Abonnement f\u00fcr einen twerXout Dienst muss einzeln gek\u00fcndigt werden. Du kannst das jeweilige Abonnement ohne Angabe von Gr\u00fcnden jederzeit mit Wirkung zum Ende der Mindestlaufzeit beziehungsweise zum Ende des jeweiligen Verl\u00e4ngerungszeitraums k\u00fcndigen. Auf unserer Webseite www.twerxout.com gekaufte Abonnements kannst Du k\u00fcndigen, indem Du auf der Webseite in Deinem Nutzerprofil die entsprechende Einstellung vornimmst. Alternativ kannst Du auch per E-Mail an info@twerxout.com oder postalisch die K\u00fcndigung Deines Abonnements erkl\u00e4ren. Nach K\u00fcndigung eines Abonnements bleiben Dein Nutzerkonto sowie weitere Abonnements, vorbehaltlich einer weiteren K\u00fcndigung, bestehen.<\/p><p>Wir sind berechtigt, jedes Abonnement zum Ende der Mindestlaufzeit beziehungsweise zum Ende des jeweiligen Verl\u00e4ngerungszeitraums mit einer Frist von zwei (2) Wochen in Textform zu k\u00fcndigen.<\/p><p>15.3. K\u00fcndigung aus wichtigem Grund<\/p><p>Das Recht zur K\u00fcndigung aus wichtigem Grund bleibt f\u00fcr beide Parteien unber\u00fchrt. Wir sind insbesondere berechtigt, den Nutzungsvertrag oder Dein Abonnement mit sofortiger Wirkung zu k\u00fcndigen und Dein Nutzerkonto zu l\u00f6schen, wenn Du schwerwiegend oder wiederholt gegen die Bestimmungen des Nutzervertrages und\/oder dieser Allgemeinen Gesch\u00e4ftsbedingungen verst\u00f6\u00dft oder mit Deinen Zahlungspflichten trotz Mahnung in Verzug bist.<\/p><p>16. \u00c4nderungen der Allgemeinen Gesch\u00e4ftsbedingungen<\/p><p>Wir behalten uns vor, diese Allgemeinen Gesch\u00e4ftsbedingungen mit Wirkung f\u00fcr die Zukunft zu \u00e4ndern und anzupassen. Wir werden Dich sp\u00e4testens zwei (2) Wochen vor dem geplanten Inkrafttreten der neuen Fassung der Allgemeinen Gesch\u00e4ftsbedingungen per E-Mail auf die \u00c4nderungen hinweisen. Widersprichst Du der Geltung der neuen Allgemeinen Gesch\u00e4ftsbedingungen nicht innerhalb dieser Frist und nutzt Du twerXout\u00a0weiter, so gelten die neuen Allgemeinen Gesch\u00e4ftsbedingungen als akzeptiert. Im Falle des Widerspruchs behalten wir uns ausdr\u00fccklich unsere ordentlichen K\u00fcndigungsrechte vor. Wir werden Dich auch noch einmal gesondert auf Dein Widerspruchsrecht, die Frist hierf\u00fcr und die Rechtsfolgen Deines Schweigens oder eines Widerspruchs hinweisen.<\/p><p>17. Schlussbestimmungen<\/p><p>17.1. Anwendbares Recht<\/p><p>Zwischen den Parteien findet ausschlie\u00dflich deutsches Recht unter Ausschluss des UN-Kaufrechts (CISG) Anwendung. Im Gesch\u00e4ftsverkehr mit Verbrauchern innerhalb der Europ\u00e4ischen Union kann auch das Recht am Wohnsitz des Verbrauchers anwendbar sein, sofern es sich um zwingend anzuwendende verbraucherrechtliche Bestimmungen handelt.<\/p><p>17.2. Gerichtsstand<\/p><p>Hast Du keinen allgemeinen Gerichtsstand in Deutschland oder in einem anderen EU-Mitgliedstaat oder hast Du Deinen festen Wohnsitz nach Wirksamwerden dieser Allgemeinen Gesch\u00e4ftsbedingungen in ein Land au\u00dferhalb der EU verlegt oder ist Dein Wohnsitz oder gew\u00f6hnlicher Aufenthaltsort im Zeitpunkt der Klageerhebung nicht bekannt, ist ausschlie\u00dflicher Gerichtsstand f\u00fcr s\u00e4mtliche Streitigkeiten aus diesem Vertrag unser Gesch\u00e4ftssitz.<\/p><p>17.3. Vertragssprache<\/p><p>Die Vertragssprache ist Deutsch.<\/p><p>17.4. Salvatorische Klausel<\/p><p>Sollten einzelne Bestimmungen dieser Allgemeinen Gesch\u00e4ftsbedingungen ganz oder teilweise unwirksam sein oder werden, so ber\u00fchrt dies nicht die G\u00fcltigkeit der \u00fcbrigen Bestimmungen.<\/p><p>18. Anbieterinformation<\/p><p>Inhaber: twerXout GmbH<br \/>Anschrift: Libellenweg 4, CH-8134 Adliswil<br \/>Telefon: +41 782422881\u00a0 *Mobilfunkpreise<br \/>E-Mail: twerxout@gmail.com<\/p><p>19. Einsicht in den Vertragstext<\/p><p>Diese Allgemeinen Gesch\u00e4ftsbedingungen k\u00f6nnen unter https:\/\/www.twerxout.com\/agbs\/ eingesehen werden. Die \u00fcbrigen Vertragsinformationen und -daten kannst Du in Deinem Nutzerkonto einsehen. Alternativ kannst Du Dir auch die automatische Bestellbest\u00e4tigung ausdrucken bzw. speichern, die Du nach Abschluss einer Bestellung erh\u00e4ltst.<\/p><\/div>\t\t\t\t\t\t\t\t<\/div>\n\t\t\t\t<\/div>\n\t\t\t\t\t<\/div>\n\t\t<\/div>\n\t\t\t\t\t<\/div>\n\t\t<\/section>\n\t\t\t\t<\/div>","protected":false},"excerpt":{"rendered":"<p>AGBs ALLGEMEINE GESCH\u00c4FTSBEDINGUNGEN\u00a0 f\u00fcr die Nutzung von\u00a0twerXout 1. Einleitung twerXout\u00ae\u00a0kombiniert funktionales Training mit Konzepten aus dem Twerking. Es richtet sich an alle, die Spa\u00df an der Bewegung und Tanz haben und eine neue, innovative und motivierende Art von Fitness ausprobieren wollen. Die \u00dcbungen\u00a0haben verschiedene Variationen und Schwierigkeits-Level, die aufeinander aufbauen. So werden die Teilnehmer je [&hellip;]<\/p>\n","protected":false},"author":1,"featured_media":0,"parent":0,"menu_order":0,"comment_status":"closed","ping_status":"closed","template":"","meta":{"_acf_changed":false,"footnotes":""},"class_list":["post-9832","page","type-page","status-publish","hentry"],"acf":[],"_links":{"self":[{"href":"https:\/\/twerxout.com\/en\/wp-json\/wp\/v2\/pages\/9832","targetHints":{"allow":["GET"]}}],"collection":[{"href":"https:\/\/twerxout.com\/en\/wp-json\/wp\/v2\/pages"}],"about":[{"href":"https:\/\/twerxout.com\/en\/wp-json\/wp\/v2\/types\/page"}],"author":[{"embeddable":true,"href":"https:\/\/twerxout.com\/en\/wp-json\/wp\/v2\/users\/1"}],"replies":[{"embeddable":true,"href":"https:\/\/twerxout.com\/en\/wp-json\/wp\/v2\/comments?post=9832"}],"version-history":[{"count":9,"href":"https:\/\/twerxout.com\/en\/wp-json\/wp\/v2\/pages\/9832\/revisions"}],"predecessor-version":[{"id":17104,"href":"https:\/\/twerxout.com\/en\/wp-json\/wp\/v2\/pages\/9832\/revisions\/17104"}],"wp:attachment":[{"href":"https:\/\/twerxout.com\/en\/wp-json\/wp\/v2\/media?parent=9832"}],"curies":[{"name":"wp","href":"https:\/\/api.w.org\/{rel}","templated":true}]}}