{"id":9078,"date":"2018-02-23T00:40:58","date_gmt":"2018-02-22T23:40:58","guid":{"rendered":"http:\/\/new.twerxout.com\/?page_id=9078"},"modified":"2023-05-03T11:11:58","modified_gmt":"2023-05-03T09:11:58","slug":"impressum","status":"publish","type":"page","link":"https:\/\/twerxout.com\/en\/impressum\/","title":{"rendered":"Imprint"},"content":{"rendered":"<div data-elementor-type=\"wp-page\" data-elementor-id=\"9078\" class=\"elementor elementor-9078\" data-elementor-post-type=\"page\">\n\t\t\t\t\t\t<section class=\"elementor-section elementor-top-section elementor-element elementor-element-22849249 elementor-section-boxed elementor-section-height-default elementor-section-height-default\" data-id=\"22849249\" data-element_type=\"section\" data-e-type=\"section\">\n\t\t\t\t\t\t<div class=\"elementor-container elementor-column-gap-default\">\n\t\t\t\t\t<div class=\"elementor-column elementor-col-100 elementor-top-column elementor-element elementor-element-1e3b7356\" data-id=\"1e3b7356\" data-element_type=\"column\" data-e-type=\"column\">\n\t\t\t<div class=\"elementor-widget-wrap elementor-element-populated\">\n\t\t\t\t\t\t<div class=\"elementor-element elementor-element-b6878a0 elementor-widget elementor-widget-heading\" data-id=\"b6878a0\" data-element_type=\"widget\" data-e-type=\"widget\" data-widget_type=\"heading.default\">\n\t\t\t\t<div class=\"elementor-widget-container\">\n\t\t\t\t\t<h2 class=\"elementor-heading-title elementor-size-default\">Imprint<\/h2>\t\t\t\t<\/div>\n\t\t\t\t<\/div>\n\t\t\t\t<section class=\"elementor-section elementor-inner-section elementor-element elementor-element-c5ab33d elementor-section-boxed elementor-section-height-default elementor-section-height-default\" data-id=\"c5ab33d\" data-element_type=\"section\" data-e-type=\"section\">\n\t\t\t\t\t\t<div class=\"elementor-container elementor-column-gap-no\">\n\t\t\t\t\t<div class=\"elementor-column elementor-col-50 elementor-inner-column elementor-element elementor-element-5e491b3\" data-id=\"5e491b3\" data-element_type=\"column\" data-e-type=\"column\">\n\t\t\t<div class=\"elementor-widget-wrap elementor-element-populated\">\n\t\t\t\t\t\t<div class=\"elementor-element elementor-element-daf0111 elementor-widget elementor-widget-text-editor\" data-id=\"daf0111\" data-element_type=\"widget\" data-e-type=\"widget\" data-widget_type=\"text-editor.default\">\n\t\t\t\t<div class=\"elementor-widget-container\">\n\t\t\t\t\t\t\t\t\t<p><span style=\"color: var( --e-global-color-text ); font-family: var( --e-global-typography-text-font-family ), Sans-serif; font-size: var( --e-global-typography-text-font-size ); font-weight: bolder;\">Verantwortlich f\u00fcr den Inhalt \/ Inhaber:<\/span><span style=\"color: var( --e-global-color-text ); font-family: var( --e-global-typography-text-font-family ), Sans-serif; font-size: var( --e-global-typography-text-font-size ); font-weight: var( --e-global-typography-text-font-weight );\">\u00a0\u00a0<br \/><\/span><span style=\"color: var( --e-global-color-text ); font-family: var( --e-global-typography-text-font-family ), Sans-serif; font-size: var( --e-global-typography-text-font-size ); font-weight: var( --e-global-typography-text-font-weight );\">twerXout\u00a0GmbH<br \/><\/span><span style=\"color: var( --e-global-color-text ); font-family: var( --e-global-typography-text-font-family ), Sans-serif; font-size: var( --e-global-typography-text-font-size ); font-weight: var( --e-global-typography-text-font-weight );\">c\/o Kristina Lipchev<\/span><\/p><p><span style=\"font-weight: bolder; color: var( --e-global-color-text ); font-family: var( --e-global-typography-text-font-family ), Sans-serif; font-size: var( --e-global-typography-text-font-size );\">Anschrift:\u00a0<br \/><\/span>twerXout GmbH<br \/>Libellenweg 4<br \/>CH-8134 Adliswil<\/p>\t\t\t\t\t\t\t\t<\/div>\n\t\t\t\t<\/div>\n\t\t\t\t\t<\/div>\n\t\t<\/div>\n\t\t\t\t<div class=\"elementor-column elementor-col-50 elementor-inner-column elementor-element elementor-element-d158109\" data-id=\"d158109\" data-element_type=\"column\" data-e-type=\"column\">\n\t\t\t<div class=\"elementor-widget-wrap elementor-element-populated\">\n\t\t\t\t\t\t<div class=\"elementor-element elementor-element-491a6ace elementor-widget elementor-widget-text-editor\" data-id=\"491a6ace\" data-element_type=\"widget\" data-e-type=\"widget\" data-widget_type=\"text-editor.default\">\n\t\t\t\t<div class=\"elementor-widget-container\">\n\t\t\t\t\t\t\t\t\t<p><strong>UID:<\/strong> CHE-322.118.462<\/p><p><strong style=\"color: var( --e-global-color-text ); font-family: var( --e-global-typography-text-font-family ), Sans-serif; font-size: var( --e-global-typography-text-font-size );\">Telefon:<\/strong><span style=\"color: var( --e-global-color-text ); font-family: var( --e-global-typography-text-font-family ), Sans-serif; font-size: var( --e-global-typography-text-font-size ); font-weight: var( --e-global-typography-text-font-weight );\">\u00a0<\/span><span style=\"color: var( --e-global-color-text ); font-family: var( --e-global-typography-text-font-family ), Sans-serif; font-size: var( --e-global-typography-text-font-size ); font-weight: var( --e-global-typography-text-font-weight );\">+41 78 242 28 81<\/span><\/p><p><strong style=\"color: var( --e-global-color-text ); font-family: var( --e-global-typography-text-font-family ), Sans-serif; font-size: var( --e-global-typography-text-font-size );\">E-Mail 1:<\/strong><span style=\"color: var( --e-global-color-text ); font-family: var( --e-global-typography-text-font-family ), Sans-serif; font-size: var( --e-global-typography-text-font-size ); font-weight: var( --e-global-typography-text-font-weight );\"> info@twerxout.com<br \/><strong style=\"color: var( --e-global-color-text ); font-family: var( --e-global-typography-text-font-family ), Sans-serif; font-size: var( --e-global-typography-text-font-size );\">E-Mail 2:<\/strong> twerxout@gmail.com<br \/><\/span><\/p><p><span style=\"color: var( --e-global-color-text ); font-family: var( --e-global-typography-text-font-family ), Sans-serif; font-size: var( --e-global-typography-text-font-size ); font-weight: var( --e-global-typography-text-font-weight );\">Es gelten die\u00a0<\/span><a style=\"font-family: var( --e-global-typography-text-font-family ), Sans-serif; font-size: var( --e-global-typography-text-font-size ); font-weight: var( --e-global-typography-text-font-weight ); background-color: #ffffff;\" href=\"http:\/\/twerxout.com\/agbs\"><strong>General Terms and Conditions<\/strong><\/a><\/p>\t\t\t\t\t\t\t\t<\/div>\n\t\t\t\t<\/div>\n\t\t\t\t\t<\/div>\n\t\t<\/div>\n\t\t\t\t\t<\/div>\n\t\t<\/section>\n\t\t\t\t<div class=\"elementor-element elementor-element-f3522cf elementor-widget-divider--view-line elementor-widget elementor-widget-divider\" data-id=\"f3522cf\" data-element_type=\"widget\" data-e-type=\"widget\" data-widget_type=\"divider.default\">\n\t\t\t\t<div class=\"elementor-widget-container\">\n\t\t\t\t\t\t\t<div class=\"elementor-divider\">\n\t\t\t<span class=\"elementor-divider-separator\">\n\t\t\t\t\t\t<\/span>\n\t\t<\/div>\n\t\t\t\t\t\t<\/div>\n\t\t\t\t<\/div>\n\t\t\t\t<div class=\"elementor-element elementor-element-2c84ab9 elementor-widget elementor-widget-text-editor\" data-id=\"2c84ab9\" data-element_type=\"widget\" data-e-type=\"widget\" data-widget_type=\"text-editor.default\">\n\t\t\t\t<div class=\"elementor-widget-container\">\n\t\t\t\t\t\t\t\t\t<h3>Haftungshinweis<\/h3>\nDie in unserem DSGVO-Wissenspaket enthaltenen Dokumente, Muster und Vorlagen wurden von den Verfassern auf Basis der aktuell verf\u00fcgbaren Literatur erstellt. Sie dienen als erste Einsch\u00e4tzung von potentiellen Problemen innerhalb der Datenschutzgrundverordnung (DSGVO). Es wird darauf hingewiesen, dass viele der hier behandelten Probleme noch nicht abschlie\u00dfend, insbesondere durch h\u00f6chstrichterliche Rechtsprechungen, gekl\u00e4rt wurden und teilweise auch noch keine Stellungnahmen der Landesdatenschutzbeh\u00f6rden vorliegen, weshalb zu einigen Punkten unterschiedliche Auffassungen vertreten werden. Durch die Verfasser wird daher keine Haftung auf Richtigkeit und Vollst\u00e4ndigkeit \u00fcbernommen. Insbesondere ist darauf hinzuweisen, dass jeder Fall gesondert zu pr\u00fcfen ist und keine individuelle Rechtsberatung ersetzt.\t\t\t\t\t\t\t\t<\/div>\n\t\t\t\t<\/div>\n\t\t\t\t<div class=\"elementor-element elementor-element-ef4689d elementor-widget-divider--view-line elementor-widget elementor-widget-divider\" data-id=\"ef4689d\" data-element_type=\"widget\" data-e-type=\"widget\" data-widget_type=\"divider.default\">\n\t\t\t\t<div class=\"elementor-widget-container\">\n\t\t\t\t\t\t\t<div class=\"elementor-divider\">\n\t\t\t<span class=\"elementor-divider-separator\">\n\t\t\t\t\t\t<\/span>\n\t\t<\/div>\n\t\t\t\t\t\t<\/div>\n\t\t\t\t<\/div>\n\t\t\t\t<div class=\"elementor-element elementor-element-895bb94 elementor-widget elementor-widget-text-editor\" data-id=\"895bb94\" data-element_type=\"widget\" data-e-type=\"widget\" data-widget_type=\"text-editor.default\">\n\t\t\t\t<div class=\"elementor-widget-container\">\n\t\t\t\t\t\t\t\t\t<h3>Streitschlichtung<\/h3>\nDie Europ\u00e4ische Kommission stellt eine Plattform zur Online-Streitbeilegung (OS) bereit:\u00a0<a title=\"Europ\u00e4ische Kommission\" href=\"https:\/\/ec.europa.eu\/consumers\/odr\" target=\"_blank\" rel=\"noopener\">https:\/\/ec.europa.eu\/consumers\/odr<\/a>.\nUnsere E-Mail-Adresse finden Sie oben im Impressum.\t\t\t\t\t\t\t\t<\/div>\n\t\t\t\t<\/div>\n\t\t\t\t<div class=\"elementor-element elementor-element-5ece081 elementor-widget-divider--view-line elementor-widget elementor-widget-divider\" data-id=\"5ece081\" data-element_type=\"widget\" data-e-type=\"widget\" data-widget_type=\"divider.default\">\n\t\t\t\t<div class=\"elementor-widget-container\">\n\t\t\t\t\t\t\t<div class=\"elementor-divider\">\n\t\t\t<span class=\"elementor-divider-separator\">\n\t\t\t\t\t\t<\/span>\n\t\t<\/div>\n\t\t\t\t\t\t<\/div>\n\t\t\t\t<\/div>\n\t\t\t\t<div class=\"elementor-element elementor-element-a46b947 elementor-widget elementor-widget-text-editor\" data-id=\"a46b947\" data-element_type=\"widget\" data-e-type=\"widget\" data-widget_type=\"text-editor.default\">\n\t\t\t\t<div class=\"elementor-widget-container\">\n\t\t\t\t\t\t\t\t\t<h3>Bildnachweis<\/h3><p><a href=\"https:\/\/de.123rf.com\/profile_1stockphotopro\">1stockphotopro \/ 123RF Standard-Bild<\/a><br \/><a href=\"https:\/\/de.123rf.com\/profile_halfpoint\">halfpoint \/ 123RF Standard-Bild<\/a><\/p>\t\t\t\t\t\t\t\t<\/div>\n\t\t\t\t<\/div>\n\t\t\t\t\t<\/div>\n\t\t<\/div>\n\t\t\t\t\t<\/div>\n\t\t<\/section>\n\t\t\t\t<\/div>","protected":false},"excerpt":{"rendered":"<p>Impressum Verantwortlich f\u00fcr den Inhalt \/ Inhaber:\u00a0\u00a0twerXout\u00a0GmbHc\/o Kristina Lipchev Anschrift:\u00a0twerXout GmbHLibellenweg 4CH-8134 Adliswil UID: CHE-322.118.462 Telefon:\u00a0+41 78 242 28 81 E-Mail 1: info@twerxout.comE-Mail 2: twerxout@gmail.com Es gelten die\u00a0Allgemeinen Gesch\u00e4ftsbedingungen Haftungshinweis Die in unserem DSGVO-Wissenspaket enthaltenen Dokumente, Muster und Vorlagen wurden von den Verfassern auf Basis der aktuell verf\u00fcgbaren Literatur erstellt. Sie dienen als erste Einsch\u00e4tzung [&hellip;]<\/p>\n","protected":false},"author":1,"featured_media":0,"parent":0,"menu_order":0,"comment_status":"closed","ping_status":"closed","template":"","meta":{"_acf_changed":false,"footnotes":""},"class_list":["post-9078","page","type-page","status-publish","hentry"],"acf":[],"_links":{"self":[{"href":"https:\/\/twerxout.com\/en\/wp-json\/wp\/v2\/pages\/9078","targetHints":{"allow":["GET"]}}],"collection":[{"href":"https:\/\/twerxout.com\/en\/wp-json\/wp\/v2\/pages"}],"about":[{"href":"https:\/\/twerxout.com\/en\/wp-json\/wp\/v2\/types\/page"}],"author":[{"embeddable":true,"href":"https:\/\/twerxout.com\/en\/wp-json\/wp\/v2\/users\/1"}],"replies":[{"embeddable":true,"href":"https:\/\/twerxout.com\/en\/wp-json\/wp\/v2\/comments?post=9078"}],"version-history":[{"count":26,"href":"https:\/\/twerxout.com\/en\/wp-json\/wp\/v2\/pages\/9078\/revisions"}],"predecessor-version":[{"id":17040,"href":"https:\/\/twerxout.com\/en\/wp-json\/wp\/v2\/pages\/9078\/revisions\/17040"}],"wp:attachment":[{"href":"https:\/\/twerxout.com\/en\/wp-json\/wp\/v2\/media?parent=9078"}],"curies":[{"name":"wp","href":"https:\/\/api.w.org\/{rel}","templated":true}]}}