{"id":10522,"date":"2018-05-31T13:06:28","date_gmt":"2018-05-31T11:06:28","guid":{"rendered":"https:\/\/twerxout.com\/versandarten\/"},"modified":"2021-01-24T19:02:13","modified_gmt":"2021-01-24T18:02:13","slug":"versandarten","status":"publish","type":"page","link":"https:\/\/twerxout.com\/en\/versandarten\/","title":{"rendered":"Shipping methods"},"content":{"rendered":"<div data-elementor-type=\"wp-page\" data-elementor-id=\"10522\" class=\"elementor elementor-10522\" data-elementor-post-type=\"page\">\n\t\t\t\t\t\t<section class=\"elementor-section elementor-top-section elementor-element elementor-element-6fe6bbd elementor-section-boxed elementor-section-height-default elementor-section-height-default\" data-id=\"6fe6bbd\" data-element_type=\"section\" data-e-type=\"section\" data-settings=\"{&quot;background_background&quot;:&quot;classic&quot;}\">\n\t\t\t\t\t\t<div class=\"elementor-container elementor-column-gap-wide\">\n\t\t\t\t\t<div class=\"elementor-column elementor-col-50 elementor-top-column elementor-element elementor-element-6d87a8f\" data-id=\"6d87a8f\" data-element_type=\"column\" data-e-type=\"column\">\n\t\t\t<div class=\"elementor-widget-wrap elementor-element-populated\">\n\t\t\t\t\t\t<div class=\"elementor-element elementor-element-34b1866 elementor-widget elementor-widget-heading\" data-id=\"34b1866\" data-element_type=\"widget\" data-e-type=\"widget\" data-widget_type=\"heading.default\">\n\t\t\t\t<div class=\"elementor-widget-container\">\n\t\t\t\t\t<h1 class=\"elementor-heading-title elementor-size-default\">Lieferung und Versand<\/h1>\t\t\t\t<\/div>\n\t\t\t\t<\/div>\n\t\t\t\t<div class=\"elementor-element elementor-element-f00ab75 elementor-widget-divider--view-line elementor-widget elementor-widget-divider\" data-id=\"f00ab75\" data-element_type=\"widget\" data-e-type=\"widget\" data-widget_type=\"divider.default\">\n\t\t\t\t<div class=\"elementor-widget-container\">\n\t\t\t\t\t\t\t<div class=\"elementor-divider\">\n\t\t\t<span class=\"elementor-divider-separator\">\n\t\t\t\t\t\t<\/span>\n\t\t<\/div>\n\t\t\t\t\t\t<\/div>\n\t\t\t\t<\/div>\n\t\t\t\t<div class=\"elementor-element elementor-element-4b06b31 elementor-widget elementor-widget-heading\" data-id=\"4b06b31\" data-element_type=\"widget\" data-e-type=\"widget\" data-widget_type=\"heading.default\">\n\t\t\t\t<div class=\"elementor-widget-container\">\n\t\t\t\t\t<h2 class=\"elementor-heading-title elementor-size-default\">shipping<\/h2>\t\t\t\t<\/div>\n\t\t\t\t<\/div>\n\t\t\t\t<div class=\"elementor-element elementor-element-d6d36cd elementor-widget elementor-widget-text-editor\" data-id=\"d6d36cd\" data-element_type=\"widget\" data-e-type=\"widget\" data-widget_type=\"text-editor.default\">\n\t\t\t\t<div class=\"elementor-widget-container\">\n\t\t\t\t\t\t\t\t\t<p>Lieferungen nach Deutschland werden mit 3,50 \u20ac Versandkosten berechnet.<br \/><br \/>Bei Lieferungen in L\u00e4nder au\u00dferhalb der EU, werden die Transportkosten im vollen Umfang vom K\u00e4ufer \u00fcbernommen und bei Versand in Rechnung gestellt. Bei Lieferungen innerhalb der EU, jedoch au\u00dferhalb Deutschlands, werden eventuelle Mehrkosten dem K\u00e4ufer nachtr\u00e4glich in Rechnung gestellt. Es k\u00f6nnen pro Bestellung nur 10 Artikel versand werden. F\u00fcr den weiteren Einkauf, muss eine neue Bestellung und Zahlung erfolgen. Die Lieferung erfolgt 5-7 Tage nach Vertragsabwicklung (bei Vorauszahlung nach Zahlungseingang). An Sonn- und Feiertagen erfolgen keine Lieferungen.<br \/><br \/><\/p>\t\t\t\t\t\t\t\t<\/div>\n\t\t\t\t<\/div>\n\t\t\t\t\t<\/div>\n\t\t<\/div>\n\t\t\t\t<div class=\"elementor-column elementor-col-50 elementor-top-column elementor-element elementor-element-a1e2084\" data-id=\"a1e2084\" data-element_type=\"column\" data-e-type=\"column\">\n\t\t\t<div class=\"elementor-widget-wrap\">\n\t\t\t\t\t\t\t<\/div>\n\t\t<\/div>\n\t\t\t\t\t<\/div>\n\t\t<\/section>\n\t\t\t\t<section class=\"elementor-section elementor-top-section elementor-element elementor-element-404cce6 elementor-section-boxed elementor-section-height-default elementor-section-height-default\" data-id=\"404cce6\" data-element_type=\"section\" data-e-type=\"section\">\n\t\t\t\t\t\t<div class=\"elementor-container elementor-column-gap-default\">\n\t\t\t\t\t<div class=\"elementor-column elementor-col-100 elementor-top-column elementor-element elementor-element-9a31af8\" data-id=\"9a31af8\" data-element_type=\"column\" data-e-type=\"column\">\n\t\t\t<div class=\"elementor-widget-wrap elementor-element-populated\">\n\t\t\t\t\t\t<div class=\"elementor-element elementor-element-377ee1d elementor-widget elementor-widget-spacer\" data-id=\"377ee1d\" data-element_type=\"widget\" data-e-type=\"widget\" data-widget_type=\"spacer.default\">\n\t\t\t\t<div class=\"elementor-widget-container\">\n\t\t\t\t\t\t\t<div class=\"elementor-spacer\">\n\t\t\t<div class=\"elementor-spacer-inner\"><\/div>\n\t\t<\/div>\n\t\t\t\t\t\t<\/div>\n\t\t\t\t<\/div>\n\t\t\t\t\t<\/div>\n\t\t<\/div>\n\t\t\t\t\t<\/div>\n\t\t<\/section>\n\t\t\t\t<\/div>","protected":false},"excerpt":{"rendered":"<p>Lieferung und Versand Versandkosten Lieferungen nach Deutschland werden mit 3,50 \u20ac Versandkosten berechnet. Bei Lieferungen in L\u00e4nder au\u00dferhalb der EU, werden die Transportkosten im vollen Umfang vom K\u00e4ufer \u00fcbernommen und bei Versand in Rechnung gestellt. Bei Lieferungen innerhalb der EU, jedoch au\u00dferhalb Deutschlands, werden eventuelle Mehrkosten dem K\u00e4ufer nachtr\u00e4glich in Rechnung gestellt. Es k\u00f6nnen pro [&hellip;]<\/p>\n","protected":false},"author":1,"featured_media":0,"parent":0,"menu_order":0,"comment_status":"closed","ping_status":"closed","template":"","meta":{"_acf_changed":false,"footnotes":""},"class_list":["post-10522","page","type-page","status-publish","hentry"],"acf":[],"_links":{"self":[{"href":"https:\/\/twerxout.com\/en\/wp-json\/wp\/v2\/pages\/10522","targetHints":{"allow":["GET"]}}],"collection":[{"href":"https:\/\/twerxout.com\/en\/wp-json\/wp\/v2\/pages"}],"about":[{"href":"https:\/\/twerxout.com\/en\/wp-json\/wp\/v2\/types\/page"}],"author":[{"embeddable":true,"href":"https:\/\/twerxout.com\/en\/wp-json\/wp\/v2\/users\/1"}],"replies":[{"embeddable":true,"href":"https:\/\/twerxout.com\/en\/wp-json\/wp\/v2\/comments?post=10522"}],"version-history":[{"count":9,"href":"https:\/\/twerxout.com\/en\/wp-json\/wp\/v2\/pages\/10522\/revisions"}],"predecessor-version":[{"id":15278,"href":"https:\/\/twerxout.com\/en\/wp-json\/wp\/v2\/pages\/10522\/revisions\/15278"}],"wp:attachment":[{"href":"https:\/\/twerxout.com\/en\/wp-json\/wp\/v2\/media?parent=10522"}],"curies":[{"name":"wp","href":"https:\/\/api.w.org\/{rel}","templated":true}]}}