{"id":10518,"date":"2018-05-31T13:06:28","date_gmt":"2018-05-31T11:06:28","guid":{"rendered":"https:\/\/twerxout.com\/datenschutzbelehrung\/"},"modified":"2023-02-26T16:05:32","modified_gmt":"2023-02-26T15:05:32","slug":"datenschutzbelehrung","status":"publish","type":"page","link":"https:\/\/twerxout.com\/en\/datenschutzbelehrung\/","title":{"rendered":"Datenschutzbelehrung"},"content":{"rendered":"<div data-elementor-type=\"wp-page\" data-elementor-id=\"10518\" class=\"elementor elementor-10518\" data-elementor-post-type=\"page\">\n\t\t\t\t\t\t<section class=\"elementor-section elementor-top-section elementor-element elementor-element-47f87a8 elementor-section-boxed elementor-section-height-default elementor-section-height-default\" data-id=\"47f87a8\" data-element_type=\"section\" data-e-type=\"section\">\n\t\t\t\t\t\t<div class=\"elementor-container elementor-column-gap-default\">\n\t\t\t\t\t<div class=\"elementor-column elementor-col-100 elementor-top-column elementor-element elementor-element-131066a0\" data-id=\"131066a0\" data-element_type=\"column\" data-e-type=\"column\">\n\t\t\t<div class=\"elementor-widget-wrap elementor-element-populated\">\n\t\t\t\t\t\t<div class=\"elementor-element elementor-element-37660a52 elementor-widget elementor-widget-text-editor\" data-id=\"37660a52\" data-element_type=\"widget\" data-e-type=\"widget\" data-widget_type=\"text-editor.default\">\n\t\t\t\t<div class=\"elementor-widget-container\">\n\t\t\t\t\t\t\t\t\t<h1>privacy policy<\/h1><p>Verantwortliche Stelle im Sinne der Datenschutzgesetze, insbesondere der EU-Datenschutzgrundverordnung (DSGVO), ist:<\/p><p>twerXout GmbH<\/p><p>c\/o Kristina Lipchev<\/p><p>8038 Z\u00fcrich<\/p><p>Tel.: +41782422881<\/p><p>twerxout@gmail.com<\/p><p>www.twerxout.com \u200e<\/p><p>UID: CHE-322.118.462<\/p><p>\u00a0<\/p><p>Wir verwenden relevante personenbezogene Daten (unter anderem Ihren Namen, Ihre Adresse, Ihre E-Mail-Adresse und Zahlungsangaben) in Verbindung mit Ihrer Registrierung zur Teilnahme an einer \u00ae Trainer-Schulung, oder der Lizenzverl\u00e4ngerung, um Sie \u00fcber den Status der Trainer-Schulung oder Verl\u00e4ngerung\u00a0 und weitere damit verbundene Einzelheiten zu informieren. Zudem werden personenbezogene Daten f\u00fcr die Bearbeitung von Produktbestellungen, Buchungen f\u00fcr Workshops\/Specials oder anderen Events oder bei der Nutzung des Kontaktformulars genutzt. Die Speicherung und Verarbeitung Ihrer personenbezogenen Daten auf diese Weise dient der Vertragserf\u00fcllung und\/oder um Ihnen den bestm\u00f6glichen Service anzubieten.<\/p><ol><li>Trainer-Schulungen: Wenn Sie ein lizenzierter twerXout\u00ae sind oder werden m\u00f6chten und sich \u00fcber unsere Website f\u00fcr eine Schulung registrieren, nutzen wir Ihre personenbezogene Daten dazu, um mit Ihnen ggf.\u00a0 per E-Mail, Post, SMS, Telefon und\/oder \u00fcber andere elektronische Wege in Kontakt zu treten und \u00fcber Ihre Lizenz(en) und den Status Ihrer Lizenz(en) zu sprechen. Diese Mitteilungen umfassen auch Transaktionsmitteilungen, die Ihre Lizenz und\/oder Produkte oder Dienste betreffen, die Sie m\u00f6glicherweise erwerben, Angebote, Werbeaktionen und Rabatte, die Ihnen als Lizenznehmer\u00a0 Lizenznehmer zur Verf\u00fcgung stehen, Angebote, Werbeaktionen und Rabatte zu unseren Programmen, Produkten, Diensten und Events. Es ist notwendig, Ihre personenbezogenen Daten auf diese Weise zu verarbeiten, damit ein Vertrag zustande kommen kann.<\/li><li>Die Bearbeitung Ihrer Bestellung von Produkten\/Diensten oder Buchungen von Workshops\/Specials oder anderen Events \u00fcber unsere Webseite: Wir verwenden relevante personenbezogene Daten (unter anderem Ihren Namen, Ihre Adresse, Ihre E-Mail-Adresse und Zahlungsangaben), um Ihre Bestellung zu bearbeiten und auszuliefern sowie um Sie \u00fcber den Status Ihrer Bestellung zu benachrichtigen. Es ist notwendig, Ihre personenbezogenen Daten auf diese Weise zu verarbeiten, damit ein Vertrag zustande kommen kann.<\/li><li>Kundenbetreuung \u00fcber das Kontaktformular: Wenn Sie sich an unsere Kundenbetreuung wenden bzw. das Kontaktformular f\u00fcr ihr Anliegen nutzen, werden wir personenbezogene Daten (Name, Mailadresse) verwenden, um Ihre Anfrage zu verarbeiten und Ihnen den bestm\u00f6glichen Service zu bieten.<\/li><\/ol><p>Bedingungen Zahlungsmodalit\u00e4ten: Wenn Sie eine Trainer Schulung, ein Event, Workshop\/Special, Produkt oder Dienst buchen, werden Sie ggf. gebeten Ihre Zahlungsmittel anzugeben. Diese Angaben sind IBAN, BIC, Name und Sitz Ihrer Bank. Sollten Sie sich f\u00fcr das SEPA-Lastschriftverfahren entschieden haben, dann senden wir Ihnen das SEPA-Lastschrift Mandat zu, welches Sie unterschrieben an uns zur\u00fccksenden, damit wir die Reibungslose Abbuchung veranlassen k\u00f6nnen. Bei Zahlungen \u00fcber Paypal, werden Sie auf die Seite <a href=\"http:\/\/www.paypal.com\">www.paypal.com<\/a> weitergeleitet, dort gelten zus\u00e4tzlich die AGB\u00b4s von Paypal.<\/p><p>Bedingungen f\u00fcr Mail: Wenn Sie uns Ihre E-Mailadresse angeben, stimmen Sie damit ausdr\u00fccklich zu, dass wir Ihnen von Zeit zu Zeit Emails senden d\u00fcrfen. Diese Emails beinhalten entweder Antworten zu Ihren Anliegen,<\/p><p>Angebote Werbung, Werbeaktionen, Informationen \u00fcber twerXout\u00ae, Rabattaktionen sowie andere Informationen zu Trainer-Schulungen oder Verl\u00e4ngerungen, Events, Workshops\/Specials, Produkten oder Diensten. Sollten Sie keine Emails mehr von uns erhalten wollen, bitte senden Sie uns eine E-Mail mit dem ausdr\u00fccklichen Wunsch, Ihnen keine Email mehr zu senden. Sie willigen ein, uns \u00fcber jegliche \u00c4nderungen Ihrer E-Mailadresse zu informieren und uns bez\u00fcglich Ihrer Informationen immer auf dem neusten Stand zu halten.<\/p><p>Bedingungen f\u00fcr Mobilfunk: Wenn Sie uns Ihre Handynummer angeben, stimmen Sie damit ausdr\u00fccklich zu, dass wir Ihnen Textnachrichten, (unter anderem SMS oder \u00fcber Apps die der Text\u00fcbertragungen dienen) an diese Telefonnummer senden d\u00fcrfen. Es fallen ggf. Geb\u00fchren f\u00fcr Nachrichtendienst- und Datennutzung Ihres eigenen Mobilfunkanbieter an. Senden Sie STOP an den entsprechenden Absender, um diesen Dienst jederzeit zu beenden. Sie willigen ein, uns \u00fcber jegliche \u00c4nderungen Ihrer Mobil Telefonnummer zu informieren und uns bez\u00fcglich Ihrer Informationen immer auf dem neusten Stand zu halten. Wir behalten uns das Recht vor, Ihnen zus\u00e4tzliche Benachrichtigungen \u00fcber bedeutende \u00c4nderungen zukommen zu lassen. Die weitere Nutzung des Mobilfunkdienstes nach solchen \u00c4nderungen gilt als Ihre Zustimmung zu diesen \u00c4nderungen.<\/p><p>Wenn Sie lizenzierter twerXout\u00ae Trainer sind, haben Sie die M\u00f6glichkeit Zugang zu unserer \u201eWhat`s-App\u201c Gruppe zu erhalten. In dieser Gruppe werden relevante Informationen \u00fcber twerXout\u00ae, Events, Workshops\/Specials, Neuigkeiten, interne Prozesse, weitere Trainer Schulungen und Verl\u00e4ngerungen und Informationen, Bilder und Videos unter anderen Trainern der Community ausgetauscht. Bitte verst\u00e4ndigen Sie uns, wenn ein Beitritt in diese Gruppe nicht gew\u00fcnscht ist, andernfalls f\u00fcgen wir Sie dieser Gruppe vorerst zu, wenn die obigen Bedingungen eingetroffen sind und diesen zugestimmt wurde. Verlassen Sie die Gruppe, wenn Sie keinen Austausch mit der Community mehr w\u00fcnschen. Wir entfernen Sie automatisch aus der Gruppe, wenn ihre Lizenz erlischt.<\/p><p><strong>WENN SIE ZU IRGENDEINEM ZEITPUNKT M\u00d6CHTEN, DASS WIR IHRE PERSONENBEZOGENEN DATEN L\u00d6SCHEN, KONTAKTIEREN SIE UNS UNTER: <a href=\"twerxout@gmail.com\">info@twerxout.com<\/a>\u00a0<\/strong><\/p><p>Bitte beachten Sie Folgendes: Wenn Sie ein lizenzierter twerXout\u00ae Trainer sind, und beantragen, Ihre personenbezogene Daten zu l\u00f6schen, sind wir dazu gezwungen, Ihre Lizenz zu entfernen und Ihnen ist es nicht mehr gestattet twerXout\u00ae Kurse zu geben.<\/p><h2>Ihre Betroffenenrechte<\/h2><p>Unter den angegebenen Kontaktdaten unseres Datenschutzbeauftragten k\u00f6nnen Sie jederzeit folgende Rechte aus\u00fcben:<\/p><ul><li>Auskunft \u00fcber Ihre bei uns gespeicherten Daten und deren Verarbeitung,<\/li><li>Berichtigung unrichtiger personenbezogener Daten,<\/li><li>L\u00f6schung Ihrer bei uns gespeicherten Daten,<\/li><li>Einschr\u00e4nkung der Datenverarbeitung, sofern wir Ihre Daten aufgrund gesetzlicher Pflichten noch nicht l\u00f6schen d\u00fcrfen,<\/li><li>Widerspruch gegen die Verarbeitung Ihrer Daten bei uns und<\/li><li>Daten\u00fcbertragbarkeit, sofern Sie in die Datenverarbeitung eingewilligt haben oder einen Vertrag mit uns abgeschlossen haben.<\/li><\/ul><p>Sofern Sie uns eine Einwilligung erteilt haben, k\u00f6nnen Sie diese jederzeit mit Wirkung f\u00fcr die Zukunft widerrufen.<\/p><p>Sie k\u00f6nnen sich jederzeit mit einer Beschwerde an die f\u00fcr Sie zust\u00e4ndige Aufsichtsbeh\u00f6rde wenden. Ihre zust\u00e4ndige Aufsichtsbeh\u00f6rde richtet sich nach dem Bundesland Ihres Wohnsitzes, Ihrer Arbeit oder der mutma\u00dflichen Verletzung. Eine Liste der Aufsichtsbeh\u00f6rden (f\u00fcr den nicht\u00f6ffentlichen Bereich) mit Anschrift finden Sie unter: <a href=\"https:\/\/www.bfdi.bund.de\/DE\/Infothek\/Anschriften_Links\/anschriften_links-node.html\" target=\"_blank\" rel=\"noopener\">https:\/\/www.bfdi.bund.de\/DE\/Infothek\/Anschriften_Links\/anschriften_links-node.html<\/a>.<\/p><h2>Zwecke der Datenverarbeitung durch die verantwortliche Stelle und Dritte<\/h2><p>Wir verarbeiten Ihre personenbezogenen Daten nur zu den in dieser Datenschutzerkl\u00e4rung genannten Zwecken. Eine \u00dcbermittlung Ihrer pers\u00f6nlichen Daten an Dritte zu anderen als den genannten Zwecken findet nicht statt. Wir geben Ihre pers\u00f6nlichen Daten nur an Dritte weiter, wenn:<\/p><ul><li>Sie Ihre ausdr\u00fcckliche Einwilligung dazu erteilt haben,<\/li><li>die Verarbeitung zur Abwicklung eines Vertrags mit Ihnen erforderlich ist,<\/li><li>die Verarbeitung zur Erf\u00fcllung einer rechtlichen Verpflichtung erforderlich ist,<\/li><\/ul><p>die Verarbeitung zur Wahrung berechtigter Interessen erforderlich ist und kein Grund zur Annahme besteht, dass Sie ein \u00fcberwiegendes schutzw\u00fcrdiges Interesse an der Nichtweitergabe Ihrer Daten haben.<\/p><h2>L\u00f6schung bzw. Sperrung der Daten<\/h2><p>Wir halten uns an die Grunds\u00e4tze der Datenvermeidung und Datensparsamkeit. Wir speichern Ihre personenbezogenen Daten daher nur so lange, wie dies zur Erreichung der hier genannten Zwecke erforderlich ist oder wie es die vom Gesetzgeber vorgesehenen vielf\u00e4ltigen Speicherfristen vorsehen. Nach Fortfall des jeweiligen Zweckes bzw. Ablauf dieser Fristen werden die entsprechenden Daten routinem\u00e4\u00dfig und entsprechend den gesetzlichen Vorschriften gesperrt oder gel\u00f6scht.<\/p><h2>Erfassung allgemeiner Informationen beim Besuch unserer Website<\/h2><p>Wenn Sie auf unsere Website zugreifen, werden automatisch mittels eines Cookies Informationen allgemeiner Natur erfasst. Diese Informationen (Server-Logfiles) beinhalten etwa die Art des Webbrowsers, das verwendete Betriebssystem, den Domainnamen Ihres Internet-Service-Providers und \u00e4hnliches. Hierbei handelt es sich ausschlie\u00dflich um Informationen, welche keine R\u00fcckschl\u00fcsse auf Ihre Person zulassen.<\/p><p>Diese Informationen sind technisch notwendig, um von Ihnen angeforderte Inhalte von Webseiten korrekt auszuliefern und fallen bei Nutzung des Internets zwingend an. Sie werden insbesondere zu folgenden Zwecken verarbeitet:<\/p><ul><li>Sicherstellung eines problemlosen Verbindungsaufbaus der Website,<\/li><li>Sicherstellung einer reibungslosen Nutzung unserer Website,<\/li><li>Auswertung der Systemsicherheit und -stabilit\u00e4t sowie<\/li><li>zu weiteren administrativen Zwecken.<\/li><\/ul><p>Die Verarbeitung Ihrer personenbezogenen Daten basiert auf unserem berechtigten Interesse aus den vorgenannten Zwecken zur Datenerhebung. Wir verwenden Ihre Daten nicht, um R\u00fcckschl\u00fcsse auf Ihre Person zu ziehen. Empf\u00e4nger der Daten sind nur die verantwortliche Stelle und ggf. Auftragsverarbeiter.<\/p><p>Anonyme Informationen dieser Art werden von uns ggfs. statistisch ausgewertet, um unseren Internetauftritt und die dahinterstehende Technik zu optimieren.<\/p><h2>Kommentarfunktion<\/h2><p>Wenn Nutzer Kommentare auf unserer Website hinterlassen, werden neben diesen Angaben auch der Zeitpunkt ihrer Erstellung und der zuvor durch den Websitebesucher gew\u00e4hlte Nutzername gespeichert. Dies dient unserer Sicherheit, da wir f\u00fcr widerrechtliche Inhalte auf unserer Webseite belangt werden k\u00f6nnen, auch wenn diese durch Benutzer erstellt wurden.<\/p><h2>Kontaktformular<\/h2><p>Treten Sie bzgl. Fragen jeglicher Art per E-Mail oder Kontaktformular mit uns in Kontakt, erteilen Sie uns zum Zwecke der Kontaktaufnahme Ihre freiwillige Einwilligung. Hierf\u00fcr ist die Angabe einer validen E-Mail-Adresse erforderlich. Diese dient der Zuordnung der Anfrage und der anschlie\u00dfenden Beantwortung derselben. Die Angabe weiterer Daten ist optional. Die von Ihnen gemachten Angaben werden zum Zwecke der Bearbeitung der Anfrage sowie f\u00fcr m\u00f6gliche Anschlussfragen gespeichert. Nach Erledigung der von Ihnen gestellten Anfrage werden personenbezogene Daten automatisch gel\u00f6scht.<\/p><h2>Verwendung von Google Analytics<\/h2><p>Diese Website benutzt Google Analytics, einen Webanalysedienst der Google Inc. (folgend: Google). Google Analytics verwendet sog. \u201eCookies\u201c, also Textdateien, die auf Ihrem Computer gespeichert werden und die eine Analyse der Benutzung der Webseite durch Sie erm\u00f6glichen. Die durch das Cookie erzeugten Informationen \u00fcber Ihre Benutzung dieser Webseite werden in der Regel an einen Server von Google in den USA \u00fcbertragen und dort gespeichert. Aufgrund der Aktivierung der IP-Anonymisierung auf diesen Webseiten, wird Ihre IP-Adresse von Google jedoch innerhalb von Mitgliedstaaten der Europ\u00e4ischen Union oder in anderen Vertragsstaaten des Abkommens \u00fcber den Europ\u00e4ischen Wirtschaftsraum zuvor gek\u00fcrzt. Nur in Ausnahmef\u00e4llen wird die volle IP-Adresse an einen Server von Google in den USA \u00fcbertragen und dort gek\u00fcrzt. Im Auftrag des Betreibers dieser Website wird Google diese Informationen benutzen, um Ihre Nutzung der Webseite auszuwerten, um Reports \u00fcber die Webseitenaktivit\u00e4ten zusammenzustellen und um weitere mit der Websitenutzung und der Internetnutzung verbundene Dienstleistungen gegen\u00fcber dem Webseitenbetreiber zu erbringen. Die im Rahmen von Google Analytics von Ihrem Browser \u00fcbermittelte IP-Adresse wird nicht mit anderen Daten von Google zusammengef\u00fchrt.<\/p><p>Die Zwecke der Datenverarbeitung liegen in der Auswertung der Nutzung der Website und in der Zusammenstellung von Reports \u00fcber Aktivit\u00e4ten auf der Website. Auf Grundlage der Nutzung der Website und des Internets sollen dann weitere verbundene Dienstleistungen erbracht werden. Die Verarbeitung beruht auf dem berechtigten Interesse des Webseitenbetreibers.<\/p><p>Sie k\u00f6nnen die Speicherung der Cookies durch eine entsprechende Einstellung Ihrer Browser-Software verhindern; wir weisen Sie jedoch darauf hin, dass Sie in diesem Fall gegebenenfalls nicht s\u00e4mtliche Funktionen dieser Website vollumf\u00e4nglich werden nutzen k\u00f6nnen. Sie k\u00f6nnen dar\u00fcber hinaus die Erfassung der durch das Cookie erzeugten und auf Ihre Nutzung der Webseite bezogenen Daten (inkl. Ihrer IP-Adresse) an Google sowie die Verarbeitung dieser Daten durch Google verhindern, indem sie das unter dem folgenden Link verf\u00fcgbare Browser-Plugin herunterladen und installieren: <a href=\"http:\/\/tools.google.com\/dlpage\/gaoptout?hl=de\" target=\"_blank\" rel=\"noopener\">Browser Add On zur Deaktivierung von Google Analytics<\/a>.<\/p><p>Zus\u00e4tzlich oder als Alternative zum Browser-Add-On k\u00f6nnen Sie das Tracking durch Google Analytics auf unseren Seiten unterbinden, indem Sie <a title=\"Google Analytics Opt-Out-Cookie setzen\" href=\"#\">diesen Link anklicken<\/a>. Dabei wird ein Opt-Out-Cookie auf Ihrem Ger\u00e4t installiert. Damit wird die Erfassung durch Google Analytics f\u00fcr diese Website und f\u00fcr diesen Browser zuk\u00fcnftig verhindert, so lange das Cookie in Ihrem Browser installiert bleibt.<\/p><h2>Verwendung von Scriptbibliotheken (Google Webfonts)<\/h2><p>Um unsere Inhalte browser\u00fcbergreifend korrekt und grafisch ansprechend darzustellen, verwenden wir auf dieser Website Scriptbibliotheken und Schriftbibliotheken wie z. B. Google Webfonts (<a href=\"http:\/\/www.google.com\/webfonts\/\" target=\"_blank\" rel=\"noopener\">https:\/\/www.google.com\/webfonts\/<\/a>). Google Webfonts werden zur Vermeidung mehrfachen Ladens in den Cache Ihres Browsers \u00fcbertragen. Falls der Browser die Google Webfonts nicht unterst\u00fctzt oder den Zugriff unterbindet, werden Inhalte in einer Standardschrift angezeigt.<\/p><p>Der Aufruf von Scriptbibliotheken oder Schriftbibliotheken l\u00f6st automatisch eine Verbindung zum Betreiber der Bibliothek aus. Dabei ist es theoretisch m\u00f6glich \u2013 aktuell allerdings auch unklar ob und ggf. zu welchen Zwecken \u2013 dass Betreiber entsprechender Bibliotheken Daten erheben.<\/p><p>Die Datenschutzrichtlinie des Bibliothekbetreibers Google finden Sie hier: <a href=\"https:\/\/www.google.com\/policies\/privacy\/\" target=\"_blank\" rel=\"noopener\">https:\/\/www.google.com\/policies\/privacy\/<\/a><\/p><h2>Verwendung von Google Maps<\/h2><p>Diese Webseite verwendet Google Maps API, um geographische Informationen visuell darzustellen. Bei der Nutzung von Google Maps werden von Google auch Daten \u00fcber die Nutzung der Kartenfunktionen durch Besucher erhoben, verarbeitet und genutzt. N\u00e4here Informationen \u00fcber die Datenverarbeitung durch Google k\u00f6nnen Sie <a href=\"http:\/\/www.google.com\/privacypolicy.html\" target=\"_blank\" rel=\"noopener\">den Google-Datenschutzhinweisen<\/a> entnehmen. Dort k\u00f6nnen Sie im Datenschutzcenter auch Ihre pers\u00f6nlichen Datenschutz-Einstellungen ver\u00e4ndern.<\/p><p>Ausf\u00fchrliche Anleitungen zur Verwaltung der eigenen Daten im Zusammenhang mit Google-Produkten<a href=\"http:\/\/www.dataliberation.org\/\" target=\"_blank\" rel=\"noopener\"> finden Sie hier<\/a>.<\/p><h2>Eingebettete YouTube-Videos<\/h2><p>Auf einigen unserer Webseiten betten wir Youtube-Videos ein. Betreiber der entsprechenden Plugins ist die YouTube, LLC, 901 Cherry Ave., San Bruno, CA 94066, USA. Wenn Sie eine Seite mit dem YouTube-Plugin besuchen, wird eine Verbindung zu Servern von Youtube hergestellt. Dabei wird Youtube mitgeteilt, welche Seiten Sie besuchen. Wenn Sie in Ihrem Youtube-Account eingeloggt sind, kann Youtube Ihr Surfverhalten Ihnen pers\u00f6nlich zuzuordnen. Dies verhindern Sie, indem Sie sich vorher aus Ihrem Youtube-Account ausloggen.<\/p><p>Wird ein Youtube-Video gestartet, setzt der Anbieter Cookies ein, die Hinweise \u00fcber das Nutzerverhalten sammeln.<\/p><p>Wer das Speichern von Cookies f\u00fcr das Google-Ad-Programm deaktiviert hat, wird auch beim Anschauen von Youtube-Videos mit keinen solchen Cookies rechnen m\u00fcssen. Youtube legt aber auch in anderen Cookies nicht-personenbezogene Nutzungsinformationen ab. M\u00f6chten Sie dies verhindern, so m\u00fcssen Sie das Speichern von Cookies im Browser blockieren.<\/p><p>Weitere Informationen zum Datenschutz bei \u201eYoutube\u201c finden Sie in der Datenschutzerkl\u00e4rung des Anbieters unter: <a href=\"https:\/\/www.google.de\/intl\/de\/policies\/privacy\/\" target=\"_blank\" rel=\"noopener\">https:\/\/www.google.de\/intl\/de\/policies\/privacy\/ <\/a><\/p><h2>Social Plugins<\/h2><p>Auf unseren Webseiten werden Social Plugins der unten aufgef\u00fchrten Anbieter eingesetzt. Die Plugins k\u00f6nnen Sie daran erkennen, dass sie mit dem entsprechenden Logo gekennzeichnet sind.<\/p><p>\u00dcber diese Plugins werden unter Umst\u00e4nden Informationen, zu denen auch personenbezogene Daten geh\u00f6ren k\u00f6nnen, an den Dienstebetreiber gesendet und ggf. von diesem genutzt. Wir verhindern die unbewusste und ungewollte Erfassung und \u00dcbertragung von Daten an den Diensteanbieter durch eine 2-Klick-L\u00f6sung. Um ein gew\u00fcnschtes Social Plugin zu aktivieren, muss dieses erst durch Klick auf den entsprechenden Schalter aktiviert werden. Erst durch diese Aktivierung des Plugins wird auch die Erfassung von Informationen und deren \u00dcbertragung an den Diensteanbieter ausgel\u00f6st. Wir erfassen selbst keine personenbezogenen Daten mittels der Social Plugins oder \u00fcber deren Nutzung.<\/p><p>Wir haben keinen Einfluss darauf, welche Daten ein aktiviertes Plugin erfasst und wie diese durch den Anbieter verwendet werden. Derzeit muss davon ausgegangen werden, dass eine direkte Verbindung zu den Diensten des Anbieters ausgebaut wird sowie mindestens die IP-Adresse und ger\u00e4tebezogene Informationen erfasst und genutzt werden. Ebenfalls besteht die M\u00f6glichkeit, dass die Diensteanbieter versuchen, Cookies auf dem verwendeten Rechner zu speichern. Welche konkreten Daten hierbei erfasst und wie diese genutzt werden, entnehmen Sie bitte den Datenschutzhinweisen des jeweiligen Diensteanbieters. Hinweis: Falls Sie zeitgleich bei Facebook angemeldet sind, kann Facebook Sie als Besucher einer bestimmten Seite identifizieren.<\/p><p>Wir haben auf unserer Website die Social-Media-Buttons folgender Unternehmen eingebunden:<\/p><h2><strong>\u00c4nderung unserer Datenschutzbestimmungen<\/strong><\/h2><p>Wir behalten uns vor, diese Datenschutzerkl\u00e4rung anzupassen, damit sie stets den aktuellen rechtlichen Anforderungen entspricht oder um \u00c4nderungen unserer Leistungen in der Datenschutzerkl\u00e4rung umzusetzen, z.B. bei der Einf\u00fchrung neuer Services. F\u00fcr Ihren erneuten Besuch gilt dann die neue Datenschutzerkl\u00e4rung.<\/p><h2><strong>Fragen an den Datenschutzbeauftragten<\/strong><\/h2><p>Wenn Sie Fragen zum Datenschutz haben, schreiben Sie uns bitte eine E-Mail oder wenden Sie sich direkt an die f\u00fcr den Datenschutz verantwortliche Person in unserer Organisation:<\/p><p><em>Die Datenschutzerkl\u00e4rung wurde mit dem <\/em><a href=\"https:\/\/www.activemind.de\/datenschutz\/datenschutzhinweis-generator\/\" target=\"_blank\" rel=\"noopener\"><em>Datenschutzerkl\u00e4rungs-Generator der activeMind AG erstellt<\/em><\/a><em>.<\/em><\/p>\t\t\t\t\t\t\t\t<\/div>\n\t\t\t\t<\/div>\n\t\t\t\t\t<\/div>\n\t\t<\/div>\n\t\t\t\t\t<\/div>\n\t\t<\/section>\n\t\t\t\t<\/div>","protected":false},"excerpt":{"rendered":"<p>Datenschutzerkl\u00e4rung Verantwortliche Stelle im Sinne der Datenschutzgesetze, insbesondere der EU-Datenschutzgrundverordnung (DSGVO), ist: twerXout GmbH c\/o Kristina Lipchev 8038 Z\u00fcrich Tel.: +41782422881 twerxout@gmail.com www.twerxout.com \u200e UID: CHE-322.118.462 \u00a0 Wir verwenden relevante personenbezogene Daten (unter anderem Ihren Namen, Ihre Adresse, Ihre E-Mail-Adresse und Zahlungsangaben) in Verbindung mit Ihrer Registrierung zur Teilnahme an einer \u00ae Trainer-Schulung, oder der [&hellip;]<\/p>\n","protected":false},"author":1,"featured_media":0,"parent":0,"menu_order":0,"comment_status":"closed","ping_status":"closed","template":"","meta":{"_acf_changed":false,"footnotes":""},"class_list":["post-10518","page","type-page","status-publish","hentry"],"acf":[],"_links":{"self":[{"href":"https:\/\/twerxout.com\/en\/wp-json\/wp\/v2\/pages\/10518","targetHints":{"allow":["GET"]}}],"collection":[{"href":"https:\/\/twerxout.com\/en\/wp-json\/wp\/v2\/pages"}],"about":[{"href":"https:\/\/twerxout.com\/en\/wp-json\/wp\/v2\/types\/page"}],"author":[{"embeddable":true,"href":"https:\/\/twerxout.com\/en\/wp-json\/wp\/v2\/users\/1"}],"replies":[{"embeddable":true,"href":"https:\/\/twerxout.com\/en\/wp-json\/wp\/v2\/comments?post=10518"}],"version-history":[{"count":13,"href":"https:\/\/twerxout.com\/en\/wp-json\/wp\/v2\/pages\/10518\/revisions"}],"predecessor-version":[{"id":16933,"href":"https:\/\/twerxout.com\/en\/wp-json\/wp\/v2\/pages\/10518\/revisions\/16933"}],"wp:attachment":[{"href":"https:\/\/twerxout.com\/en\/wp-json\/wp\/v2\/media?parent=10518"}],"curies":[{"name":"wp","href":"https:\/\/api.w.org\/{rel}","templated":true}]}}